{"id":282,"date":"2015-04-03T19:21:52","date_gmt":"2015-04-03T19:21:52","guid":{"rendered":"http:\/\/benabraham.org\/en\/?page_id=282"},"modified":"2015-05-26T16:24:00","modified_gmt":"2015-05-26T16:24:00","slug":"rua-no-gueto-de-lodz","status":"publish","type":"page","link":"http:\/\/benabraham.org\/pt-br\/no-gueto-de-lodz\/rua-no-gueto-de-lodz\/","title":{"rendered":"Rua no Gueto de Lodz"},"content":{"rendered":"<section id=\"builder-section-1428088850608\" class=\"builder-section builder-section-first builder-section-text builder-section-last builder-text-columns-2\">\n<div class=\"builder-section-content\">\n<div class=\"builder-text-column builder-text-column-1\" id=\"builder-section-1428088850608-column-1\">\n<div class=\"builder-text-content\">\n<p><!--more--> Os guetos eram \u00e1reas urbanas onde os alem\u00e3es confinavam os judeus locais e tamb\u00e9m de outras regi\u00f5es, para facilitar o processo de deporta\u00e7\u00e3o para os campos de concentra\u00e7\u00e3o e exterm\u00ednio. Nesses locais, os judeus viviam em condi\u00e7\u00f5es miser\u00e1veis. Pelo menos mil guetos foram criados na Pol\u00f4nia e na Uni\u00e3o Sovi\u00e9tica durante a 2\u00aa Guerra Mundial. A cidade de Lodz, com 230.000 judeus, continha a segunda maior comunidade judaica da Europa. J\u00e1 em dezembro de 1939, os judeus da cidade passaram a sofrer espancamentos, roubos e confisco de propriedade. Os nazistas previam que em 1\u00ba de outubro de 1940 a deporta\u00e7\u00e3o j\u00e1 teria sido conclu\u00edda e a cidade de Lodz poderia ser considerada \u201clivre de judeus\u201d. Em fevereiro de 1940, os nazistas decretaram que os judeus poderiam residir somente em algumas ruas adjacentes ao Bairro Baluty, e sua realoca\u00e7\u00e3o para l\u00e1 foi acelerada por um pogrom em 1\u00ba de mar\u00e7o. \u00c0 \u00e9poca da cria\u00e7\u00e3o do gueto de Lodz, sua popula\u00e7\u00e3o era de 164.000 pessoas. Nos pr\u00f3ximos anos, judeus de diferentes \u00e1reas da Europa central foram para l\u00e1 deportados. Assim, ele se tornou o segundo maior da Europa, (o maior era o de Vars\u00f3via). O gueto de Lodz foi liquidado pelos nazistas em agosto de 1944. De sua popula\u00e7\u00e3o total, apenas 1.600 pessoas sobreviveram.<\/p>\n<\/p><\/div>\n<\/p><\/div>\n<div class=\"builder-text-column builder-text-column-2\" id=\"builder-section-1428088850608-column-2\">\n<div class=\"builder-text-content\">\n<figure id=\"attachment_72\" aria-describedby=\"caption-attachment-72\" style=\"width: 400px\" class=\"wp-caption alignnone\"><a href=\"http:\/\/benabraham.org\/pt-br\/directory\/uploads\/2015\/04\/Lodz_gueto.jpg\"><img loading=\"lazy\" decoding=\"async\" class=\"wp-image-72\" src=\"http:\/\/benabraham.org\/pt-br\/directory\/uploads\/2015\/04\/Lodz_gueto-300x225.jpg\" alt=\"Lodz_gueto\" width=\"400\" height=\"300\" srcset=\"http:\/\/benabraham.org\/en\/directory\/uploads\/2015\/04\/Lodz_gueto-300x225.jpg 300w, http:\/\/benabraham.org\/en\/directory\/uploads\/2015\/04\/Lodz_gueto-1024x768.jpg 1024w\" sizes=\"auto, (max-width: 400px) 100vw, 400px\" \/><\/a><figcaption id=\"caption-attachment-72\" class=\"wp-caption-text\">Rua no Gueto de Lodz. (Pintura a \u00f3leo).<\/figcaption><\/figure>\n<\/p><\/div>\n<\/p><\/div>\n<\/p><\/div>\n<\/section>\n","protected":false},"excerpt":{"rendered":"","protected":false},"author":3,"featured_media":0,"parent":14,"menu_order":0,"comment_status":"closed","ping_status":"closed","template":"template-builder.php","meta":{"footnotes":""},"class_list":["post-282","page","type-page","status-publish","hentry"],"_links":{"self":[{"href":"http:\/\/benabraham.org\/pt-br\/wp-json\/wp\/v2\/pages\/282","targetHints":{"allow":["GET"]}}],"collection":[{"href":"http:\/\/benabraham.org\/pt-br\/wp-json\/wp\/v2\/pages"}],"about":[{"href":"http:\/\/benabraham.org\/pt-br\/wp-json\/wp\/v2\/types\/page"}],"author":[{"embeddable":true,"href":"http:\/\/benabraham.org\/pt-br\/wp-json\/wp\/v2\/users\/3"}],"replies":[{"embeddable":true,"href":"http:\/\/benabraham.org\/pt-br\/wp-json\/wp\/v2\/comments?post=282"}],"version-history":[{"count":2,"href":"http:\/\/benabraham.org\/pt-br\/wp-json\/wp\/v2\/pages\/282\/revisions"}],"predecessor-version":[{"id":1040,"href":"http:\/\/benabraham.org\/pt-br\/wp-json\/wp\/v2\/pages\/282\/revisions\/1040"}],"up":[{"embeddable":true,"href":"http:\/\/benabraham.org\/pt-br\/wp-json\/wp\/v2\/pages\/14"}],"wp:attachment":[{"href":"http:\/\/benabraham.org\/pt-br\/wp-json\/wp\/v2\/media?parent=282"}],"curies":[{"name":"wp","href":"https:\/\/api.w.org\/{rel}","templated":true}]}}