{"id":310,"date":"2015-04-03T20:14:20","date_gmt":"2015-04-03T20:14:20","guid":{"rendered":"http:\/\/benabraham.org\/en\/?page_id=310"},"modified":"2015-05-26T16:43:16","modified_gmt":"2015-05-26T16:43:16","slug":"o-navio-exodus","status":"publish","type":"page","link":"http:\/\/benabraham.org\/pt-br\/imigracao-clandestina\/o-navio-exodus\/","title":{"rendered":"O Navio Exodus 1947"},"content":{"rendered":"<section id=\"builder-section-1428091998770\" class=\"builder-section builder-section-first builder-section-text builder-section-last builder-text-columns-2\">\n<div class=\"builder-section-content\">\n<div class=\"builder-text-column builder-text-column-1\" id=\"builder-section-1428091998770-column-1\">\n<div class=\"builder-text-content\">\n<p><!--more--> Depois da Liberta\u00e7\u00e3o, muitos sobreviventes judeus temiam retornar aos seus antigos lares por causa do antissemitismo que persistia em partes da Europa e do trauma que haviam sofrido. Outros que haviam voltado para casa temiam por suas vidas. Os judeus j\u00e1 vivendo na Palestina organizaram uma imigra\u00e7\u00e3o &#8220;ilegal&#8221; em navios, para os judeus sem lar da Europa Central seguirem rumo \u00e0 sua terra materna. Entretanto, as autoridades brit\u00e2nicas interceptaram a maioria daquelas embarca\u00e7\u00f5es, for\u00e7ando-as a retornar. Em 1947, os brit\u00e2nicos for\u00e7aram o navio Exodus 1947, o qual levava 4.500 sobreviventes do Holocausto para a Palestina, a retornar para a Alemanha. Desesperados e destitu\u00eddos, milhares de judeus devastados foram for\u00e7ados a continuar a busca por uma forma de reconstruir suas vidas.<\/p>\n<\/p><\/div>\n<\/p><\/div>\n<div class=\"builder-text-column builder-text-column-2\" id=\"builder-section-1428091998770-column-2\">\n<div class=\"builder-text-content\">\n<figure id=\"attachment_80\" aria-describedby=\"caption-attachment-80\" style=\"width: 400px\" class=\"wp-caption alignnone\"><a href=\"http:\/\/benabraham.org\/pt-br\/directory\/uploads\/2015\/04\/Exodus-ship.-Oil-painting..png\"><img loading=\"lazy\" decoding=\"async\" class=\"wp-image-80\" src=\"http:\/\/benabraham.org\/pt-br\/directory\/uploads\/2015\/04\/Exodus-ship.-Oil-painting.-300x231.png\" alt=\"Exodus ship. (Oil painting).\" width=\"400\" height=\"308\" srcset=\"http:\/\/benabraham.org\/en\/directory\/uploads\/2015\/04\/Exodus-ship.-Oil-painting.-300x231.png 300w, http:\/\/benabraham.org\/en\/directory\/uploads\/2015\/04\/Exodus-ship.-Oil-painting..png 795w\" sizes=\"auto, (max-width: 400px) 100vw, 400px\" \/><\/a><figcaption id=\"caption-attachment-80\" class=\"wp-caption-text\">O navio Exodus 1947. (Pintura a \u00f3leo).<\/figcaption><\/figure>\n<\/p><\/div>\n<\/p><\/div>\n<\/p><\/div>\n<\/section>\n","protected":false},"excerpt":{"rendered":"","protected":false},"author":3,"featured_media":0,"parent":21,"menu_order":0,"comment_status":"closed","ping_status":"closed","template":"template-builder.php","meta":{"footnotes":""},"class_list":["post-310","page","type-page","status-publish","hentry"],"_links":{"self":[{"href":"http:\/\/benabraham.org\/pt-br\/wp-json\/wp\/v2\/pages\/310","targetHints":{"allow":["GET"]}}],"collection":[{"href":"http:\/\/benabraham.org\/pt-br\/wp-json\/wp\/v2\/pages"}],"about":[{"href":"http:\/\/benabraham.org\/pt-br\/wp-json\/wp\/v2\/types\/page"}],"author":[{"embeddable":true,"href":"http:\/\/benabraham.org\/pt-br\/wp-json\/wp\/v2\/users\/3"}],"replies":[{"embeddable":true,"href":"http:\/\/benabraham.org\/pt-br\/wp-json\/wp\/v2\/comments?post=310"}],"version-history":[{"count":1,"href":"http:\/\/benabraham.org\/pt-br\/wp-json\/wp\/v2\/pages\/310\/revisions"}],"predecessor-version":[{"id":1048,"href":"http:\/\/benabraham.org\/pt-br\/wp-json\/wp\/v2\/pages\/310\/revisions\/1048"}],"up":[{"embeddable":true,"href":"http:\/\/benabraham.org\/pt-br\/wp-json\/wp\/v2\/pages\/21"}],"wp:attachment":[{"href":"http:\/\/benabraham.org\/pt-br\/wp-json\/wp\/v2\/media?parent=310"}],"curies":[{"name":"wp","href":"https:\/\/api.w.org\/{rel}","templated":true}]}}