{"id":366,"date":"2015-04-05T01:56:26","date_gmt":"2015-04-05T01:56:26","guid":{"rendered":"http:\/\/benabraham.org\/en\/?page_id=366"},"modified":"2015-10-12T21:06:21","modified_gmt":"2015-10-12T21:06:21","slug":"miriam-nekrycz-brasil","status":"publish","type":"page","link":"http:\/\/benabraham.org\/pt-br\/miriam-nekrycz\/miriam-nekrycz-brasil\/","title":{"rendered":"Miriam Nekrycz &#8211; Brasil"},"content":{"rendered":"<p>Durante todo aquele per\u00edodo, Miriam continuava a receber cartas de sua tia Ana, convidando-a a vir visit\u00e1-la no Brasil. Mas ela estava decidida a viver em Israel e achava que essa viagem aconteceria somente num futuro distante. Contudo, como tia Ana insistia e ela comentou o assunto com seus amigos de escola, eles tentaram convenc\u00ea-la a aceitar o convite. Seria melhor, diziam eles, que ela fosse agora que ainda tinha que estudar mais um ano at\u00e9 se formar. Depois de formada, ela n\u00e3o poderia mais deixar seu trabalho no hospital.<\/p>\n<p>Miriam ent\u00e3o escreveu para tia Ana, que imediatamente come\u00e7ou a preparar sua documenta\u00e7\u00e3o para que ela pudesse tirar o visto. Miriam considerava-se privilegiada por ter uma fam\u00edlia t\u00e3o dedicada, tanto em Israel como no Brasil. E embora ela tivesse a inten\u00e7\u00e3o de passar somente alguns meses fora, seu tio Mosh\u00e9 lhe disse, na estrada para o porto de Haifa, onde estavam plantando mudas de palmeiras: \u201cAlgo me diz que essas mudas j\u00e1 ter\u00e3o ser tornado \u00e1rvores altas quando voc\u00ea voltar para Israel\u201d.<\/p>\n<p>Depois de alguns dias de ansiosa espera pelo visto no consulado brasileiro em G\u00eanova, It\u00e1lia, ela finalmente conseguiu embarcar no navio com destino ao Brasil. A vista da ba\u00eda da Guanabara, no Rio de Janeiro, estava magn\u00edfica e no dia seguinte o navio atracou no porto de Santos.<\/p>\n<p>Um grande grupo de parentes veio receb\u00ea-la no porto. Ela conseguiu reconhecer alguns deles, que haviam deixado Luck quando ela ainda era pequena, incluindo Tia Ethel, a irm\u00e3 de sua m\u00e3e, que tinha vindo para o Brasil em um dos \u00faltimos navio que partira antes da guerra.<\/p>\n<p>Miriam foi passar algum tempo com sua tia Ana na cidade de Ourinhos, no interior de S\u00e3o Paulo. Eles tinham um neg\u00f3cio pr\u00f3spero e uma casa grande e bonita, que sempre estava cheia de gente. Miriam n\u00e3o estava acostumada a todo esse bem estar, e nem tampouco \u00e0 vida social de S\u00e3o Paulo, aonde ela foi algumas vezes para ficar no apartamento dos primos. Ela achava que a juventude israelense tinha objetivos muito mais nobres do que os jovens que havia conhecido no Brasil.<\/p>\n<p>Assim, embora sua fam\u00edlia fizesse o melhor que podia para que ela se sentisse em casa, a \u00fanica coisa que ela pensava a respeito era voltar para Israel. Um dia, decidiu ir a S\u00e3o Paulo dar entrada na documenta\u00e7\u00e3o para o retorno. Mas o oficial israelense que a atendeu disse-lhe algo que mudaria seus planos: \u201cN\u00f3s estamos tentando educar as gera\u00e7\u00f5es mais jovens sobre a nossa l\u00edngua, cultura e tradi\u00e7\u00f5es; queremos abrir novas escolas, mas n\u00e3o temos professores suficientes. Estamos tentando trazer professores e educadores de Israel, mas isso \u00e9 caro e dif\u00edcil. J\u00e1 que voc\u00ea j\u00e1 est\u00e1 aqui, por que voc\u00ea n\u00e3o come\u00e7a a lecionar, e nos ajuda nesse esfor\u00e7o, e depois voc\u00ea vai?\u201d Depois dessa conversa, Miriam mudou de ideia e aceitou o convite.<\/p>\n<p>Pelos quatro anos seguintes, ela trabalhou como professora em diferentes escolas, ensinando hebraico e tradi\u00e7\u00f5es judaicas. Agora ela morava em S\u00e3o Paulo, no apartamento de seus primos, que ficava no bairro tradicional judaico do Bom Retiro. Durante todo esse tempo, ela trocava cartas com os parentes de Israel e embora sentisse que estava sendo \u00fatil no Brasil, ainda desejava retornar a Israel e participar da constru\u00e7\u00e3o do pa\u00eds.<\/p>\n<p>Ela ainda estava dividida entre os dois lugares at\u00e9 conhecer Ben Abraham.<\/p>\n<p>&nbsp;<\/p>\n<p>Continuar lendo: <a title=\"Life in Brazil\" href=\"http:\/\/benabraham.org\/pt-br\/vida-no-brasil\/\">Vida no Brasil<\/a><\/p>\n","protected":false},"excerpt":{"rendered":"<p>Durante todo aquele per\u00edodo, Miriam continuava a receber cartas de sua tia Ana, convidando-a a vir visit\u00e1-la no Brasil. Mas ela estava decidida a viver em Israel e achava que essa viagem aconteceria somente num futuro distante. Contudo, como tia Ana insistia e ela comentou o assunto com seus amigos de escola, eles tentaram convenc\u00ea-la &hellip;<\/p>\n","protected":false},"author":3,"featured_media":0,"parent":153,"menu_order":5,"comment_status":"closed","ping_status":"closed","template":"","meta":{"footnotes":""},"class_list":["post-366","page","type-page","status-publish","hentry"],"_links":{"self":[{"href":"http:\/\/benabraham.org\/pt-br\/wp-json\/wp\/v2\/pages\/366","targetHints":{"allow":["GET"]}}],"collection":[{"href":"http:\/\/benabraham.org\/pt-br\/wp-json\/wp\/v2\/pages"}],"about":[{"href":"http:\/\/benabraham.org\/pt-br\/wp-json\/wp\/v2\/types\/page"}],"author":[{"embeddable":true,"href":"http:\/\/benabraham.org\/pt-br\/wp-json\/wp\/v2\/users\/3"}],"replies":[{"embeddable":true,"href":"http:\/\/benabraham.org\/pt-br\/wp-json\/wp\/v2\/comments?post=366"}],"version-history":[{"count":1,"href":"http:\/\/benabraham.org\/pt-br\/wp-json\/wp\/v2\/pages\/366\/revisions"}],"predecessor-version":[{"id":1362,"href":"http:\/\/benabraham.org\/pt-br\/wp-json\/wp\/v2\/pages\/366\/revisions\/1362"}],"up":[{"embeddable":true,"href":"http:\/\/benabraham.org\/pt-br\/wp-json\/wp\/v2\/pages\/153"}],"wp:attachment":[{"href":"http:\/\/benabraham.org\/pt-br\/wp-json\/wp\/v2\/media?parent=366"}],"curies":[{"name":"wp","href":"https:\/\/api.w.org\/{rel}","templated":true}]}}