{"id":40,"date":"2015-03-29T00:57:29","date_gmt":"2015-03-29T00:57:29","guid":{"rendered":"http:\/\/benabraham.org\/en\/?page_id=40"},"modified":"2015-05-26T17:03:24","modified_gmt":"2015-05-26T17:03:24","slug":"livros-de-ben-abraham","status":"publish","type":"page","link":"http:\/\/benabraham.org\/pt-br\/livros-de-ben-abraham\/","title":{"rendered":"Livros"},"content":{"rendered":"<p>Ben Abraham escreveu 15 livros, alguns dos quais foram traduzidos para a l\u00edngua inglesa\u00a0e publicados nos Estados Unidos. A maioria de seus livros aborda temas relacionados ao Holocausto, quer seja retratando suas pr\u00f3prias experi\u00eancias como sobrevivente, contruindo narrativas de fic\u00e7\u00e3o baseadas em fatos reais ou documentando os fatos hist\u00f3ricos como em \u201cHolocausto \u2013 O Massacre de 6 milh\u00f5es\u201d.<\/p>\n<figure id=\"attachment_338\" aria-describedby=\"caption-attachment-338\" style=\"width: 550px\" class=\"wp-caption alignnone\"><a href=\"http:\/\/benabraham.org\/pt-br\/directory\/uploads\/2015\/03\/Livro_Holocausto.jpg\"><img loading=\"lazy\" decoding=\"async\" class=\"wp-image-338\" src=\"http:\/\/benabraham.org\/pt-br\/directory\/uploads\/2015\/03\/Livro_Holocausto-300x226.jpg\" alt=\"Livro_Holocausto\" width=\"550\" height=\"415\" srcset=\"http:\/\/benabraham.org\/en\/directory\/uploads\/2015\/03\/Livro_Holocausto-300x226.jpg 300w, http:\/\/benabraham.org\/en\/directory\/uploads\/2015\/03\/Livro_Holocausto-1024x772.jpg 1024w\" sizes=\"auto, (max-width: 550px) 100vw, 550px\" \/><\/a><figcaption id=\"caption-attachment-338\" class=\"wp-caption-text\">Capa do livro &#8220;Holocausto &#8211; O Massacre de 6 Milh\u00f5es&#8221;. (Giz de cera).<\/figcaption><\/figure>\n<p><!--more--><\/p>\n<p>Outros livros apresentam sua obra como jornalista, como por exemplo \u201cDi\u00e1rio de um Rep\u00f3rter\u201d e\u00a0\u201cMem\u00f3rias \u2013 Retrospectiva dos Fatos\u201d.<\/p>\n<p><!--more--><\/p>\n<table width=\"79%\">\n<tbody>\n<tr>\n<td width=\"299\">\u00a0<strong>Ano de Publica\u00e7\u00e3o <\/strong><\/td>\n<td width=\"299\"><strong>T\u00edtulo em Portugu\u00eas<\/strong><\/td>\n<\/tr>\n<tr>\n<td width=\"299\">1972<\/td>\n<td width=\"299\">\u2026 e o mundo silenciou.<\/td>\n<\/tr>\n<tr>\n<td width=\"299\">1974<\/td>\n<td width=\"299\">Desafio ao Destino<\/td>\n<\/tr>\n<tr>\n<td width=\"299\">1976<\/td>\n<td width=\"299\">Holocausto \u2013 O Massacre de 6 milh\u00f5es<\/td>\n<\/tr>\n<tr>\n<td width=\"299\">1978<\/td>\n<td width=\"299\">O Trajeto<\/td>\n<\/tr>\n<tr>\n<td width=\"299\">1979<\/td>\n<td width=\"299\">Izkor<\/td>\n<\/tr>\n<tr>\n<td width=\"299\">1983<\/td>\n<td width=\"299\">Al\u00e9m do Infinito<\/td>\n<\/tr>\n<tr>\n<td width=\"299\">1985<\/td>\n<td width=\"299\">Segunda Guerra Mundial \u2013 S\u00edntese<\/td>\n<\/tr>\n<tr>\n<td width=\"299\">1985<\/td>\n<td width=\"299\">O Anjo da Morte \u2013 Dossi\u00ea Mengele<\/td>\n<\/tr>\n<tr>\n<td width=\"299\">1986<\/td>\n<td width=\"299\">Janusz Korczak \u2013 Colet\u00e2nea de Pensamentos<\/td>\n<\/tr>\n<tr>\n<td width=\"299\">1988<\/td>\n<td width=\"299\">Iom Hasho\u00e1<\/td>\n<\/tr>\n<tr>\n<td width=\"299\">1990<\/td>\n<td width=\"299\">Di\u00e1rio de um Rep\u00f3rter<\/td>\n<\/tr>\n<tr>\n<td width=\"299\">1992<\/td>\n<td width=\"299\">De Vars\u00f3via a Entebe<\/td>\n<\/tr>\n<tr>\n<td width=\"299\">1993<\/td>\n<td width=\"299\">Mengele \u2013 A Verdade Veio \u00e0 Tona<\/td>\n<\/tr>\n<tr>\n<td width=\"299\">1996<\/td>\n<td width=\"299\">Mem\u00f3rias \u2013 Retrospectivas dos Fatos<\/td>\n<\/tr>\n<tr>\n<td width=\"299\">1998<\/td>\n<td width=\"299\">As Incr\u00edveis Travessuras De Ricardinho<\/td>\n<\/tr>\n<\/tbody>\n<\/table>\n","protected":false},"excerpt":{"rendered":"<p>Ben Abraham escreveu 15 livros, alguns dos quais foram traduzidos para a l\u00edngua inglesa\u00a0e publicados nos Estados Unidos. A maioria de seus livros aborda temas relacionados ao Holocausto, quer seja retratando suas pr\u00f3prias experi\u00eancias como sobrevivente, contruindo narrativas de fic\u00e7\u00e3o baseadas em fatos reais ou documentando os fatos hist\u00f3ricos como em \u201cHolocausto \u2013 O Massacre &hellip;<\/p>\n","protected":false},"author":3,"featured_media":0,"parent":0,"menu_order":7,"comment_status":"closed","ping_status":"closed","template":"","meta":{"footnotes":""},"class_list":["post-40","page","type-page","status-publish","hentry"],"_links":{"self":[{"href":"http:\/\/benabraham.org\/pt-br\/wp-json\/wp\/v2\/pages\/40","targetHints":{"allow":["GET"]}}],"collection":[{"href":"http:\/\/benabraham.org\/pt-br\/wp-json\/wp\/v2\/pages"}],"about":[{"href":"http:\/\/benabraham.org\/pt-br\/wp-json\/wp\/v2\/types\/page"}],"author":[{"embeddable":true,"href":"http:\/\/benabraham.org\/pt-br\/wp-json\/wp\/v2\/users\/3"}],"replies":[{"embeddable":true,"href":"http:\/\/benabraham.org\/pt-br\/wp-json\/wp\/v2\/comments?post=40"}],"version-history":[{"count":1,"href":"http:\/\/benabraham.org\/pt-br\/wp-json\/wp\/v2\/pages\/40\/revisions"}],"predecessor-version":[{"id":1056,"href":"http:\/\/benabraham.org\/pt-br\/wp-json\/wp\/v2\/pages\/40\/revisions\/1056"}],"wp:attachment":[{"href":"http:\/\/benabraham.org\/pt-br\/wp-json\/wp\/v2\/media?parent=40"}],"curies":[{"name":"wp","href":"https:\/\/api.w.org\/{rel}","templated":true}]}}