{"id":43,"date":"2015-03-29T01:00:46","date_gmt":"2015-03-29T01:00:46","guid":{"rendered":"http:\/\/benabraham.org\/en\/?page_id=43"},"modified":"2016-04-22T19:59:02","modified_gmt":"2016-04-22T19:59:02","slug":"titulos-honorarios-ben-abraham","status":"publish","type":"page","link":"http:\/\/benabraham.org\/pt-br\/titulos-honorarios-ben-abraham\/","title":{"rendered":"T\u00edtulos Honor\u00e1rios"},"content":{"rendered":"<p>Lista de t\u00edtulos:<\/p>\n<ul>\n<li>Medalha de Anchieta, C\u00e2mara Municipal de S\u00e3o Paulo, 1980.<\/li>\n<li>Diploma de\u00a0Gratid\u00e3o, C\u00e2mara Municipal de S\u00e3o Paulo, 1980.<\/li>\n<li>Cidad\u00e3o Honor\u00e1rio, C\u00e2mara Municipal de S\u00e3o Paulo, 1982.<\/li>\n<li>Diploma de Reconhecimento, Governo do Estado de S\u00e3o Paulo, 1983.<\/li>\n<li>Diploma e Medalha Yad Vashem, concedidos pela Sherit Hapleita do Brasil, 1984.<\/li>\n<li>Cidad\u00e3o Honor\u00e1rio, C\u00e2mara Municipal de Natal, 1993.<\/li>\n<li>Cidad\u00e3o Honor\u00e1rio, Assembleia Legislativa do Estado do Rio Grande do Norte, 1994.<\/li>\n<li>Cidad\u00e3o Honor\u00e1rio, C\u00e2mara Municipal de Mossor\u00f3, 1995.<\/li>\n<li>Medalha Memorial, Associa\u00e7\u00e3o dos Veteranos Feridos da Guerra contra o Nazismo, Israel, 1995.<\/li>\n<li>Certificado de Congratula\u00e7\u00f5es, C\u00e2mara Municipal de Sorocaba, 1997.<\/li>\n<li>Medalha Memorial, Federa\u00e7\u00e3o Mundial de Lutadores, Partisanos e Prisioneiros de Campos de Concentra\u00e7\u00e3o Judeus, no 50\u00ba Anivers\u00e1rio do Estado de Israel, 1998.<\/li>\n<li>Voto de Louvor, C\u00e2mara Municipal de Curitiba, 1998.<\/li>\n<li>Cidad\u00e3o Honor\u00e1rio, C\u00e2mara Municipal de Jo\u00e3o Pessoa, 1998.<\/li>\n<li>Cidad\u00e3o Honor\u00e1rio, Cidade de Curitiba, 1999.<\/li>\n<li>Diploma de Reconhecimento, C\u00e2mara Municipal de S\u00e3o Paulo, 2004.<\/li>\n<li>Diploma, Centro de Educa\u00e7\u00e3o e Instru\u00e7\u00e3o do Corpo de Bombeiros de S\u00e3o Paulo, 2004.<\/li>\n<li>Certificado, Centro de Estudos do Movimento Subterr\u00e2neo Polon\u00eas (1939-1945) 2005.<\/li>\n<li>Doutor <em>Honoris Causa<\/em>, Centro Universit\u00e1rio de Jales, 2005.<\/li>\n<li>Medalha de Honra ao M\u00e9rito, Universidade de S\u00e3o Paulo, 2005.<\/li>\n<li>Diploma e Medalha \u201cPro Memoria\u201d, Veteranos e Prisioneiros da Guerra Civil, Pol\u00f4nia, 2005.<\/li>\n<li>Pr\u00eamio Paul Donovan Kigar, Associa\u00e7\u00e3o de Amigos e Residentes do Cintur\u00e3o Verde do Estado de S\u00e3o Paulo, 2012.<\/li>\n<li>Chave de Ouro, Museu Yad Vashem, Israel, 1978.<\/li>\n<li>Certificado de Reconhecimento, Keren Hayesod, Israel.<\/li>\n<\/ul>\n<p>&nbsp;<\/p>\n","protected":false},"excerpt":{"rendered":"<p>Lista de t\u00edtulos: Medalha de Anchieta, C\u00e2mara Municipal de S\u00e3o Paulo, 1980. Diploma de\u00a0Gratid\u00e3o, C\u00e2mara Municipal de S\u00e3o Paulo, 1980. Cidad\u00e3o Honor\u00e1rio, C\u00e2mara Municipal de S\u00e3o Paulo, 1982. Diploma de Reconhecimento, Governo do Estado de S\u00e3o Paulo, 1983. Diploma e Medalha Yad Vashem, concedidos pela Sherit Hapleita do Brasil, 1984. Cidad\u00e3o Honor\u00e1rio, C\u00e2mara Municipal de &hellip;<\/p>\n","protected":false},"author":3,"featured_media":0,"parent":0,"menu_order":8,"comment_status":"closed","ping_status":"closed","template":"","meta":{"footnotes":""},"class_list":["post-43","page","type-page","status-publish","hentry"],"_links":{"self":[{"href":"http:\/\/benabraham.org\/pt-br\/wp-json\/wp\/v2\/pages\/43","targetHints":{"allow":["GET"]}}],"collection":[{"href":"http:\/\/benabraham.org\/pt-br\/wp-json\/wp\/v2\/pages"}],"about":[{"href":"http:\/\/benabraham.org\/pt-br\/wp-json\/wp\/v2\/types\/page"}],"author":[{"embeddable":true,"href":"http:\/\/benabraham.org\/pt-br\/wp-json\/wp\/v2\/users\/3"}],"replies":[{"embeddable":true,"href":"http:\/\/benabraham.org\/pt-br\/wp-json\/wp\/v2\/comments?post=43"}],"version-history":[{"count":1,"href":"http:\/\/benabraham.org\/pt-br\/wp-json\/wp\/v2\/pages\/43\/revisions"}],"predecessor-version":[{"id":1442,"href":"http:\/\/benabraham.org\/pt-br\/wp-json\/wp\/v2\/pages\/43\/revisions\/1442"}],"wp:attachment":[{"href":"http:\/\/benabraham.org\/pt-br\/wp-json\/wp\/v2\/media?parent=43"}],"curies":[{"name":"wp","href":"https:\/\/api.w.org\/{rel}","templated":true}]}}