{"id":465,"date":"2015-04-07T00:27:01","date_gmt":"2015-04-07T00:27:01","guid":{"rendered":"http:\/\/benabraham.org\/en\/?page_id=465"},"modified":"2015-11-20T01:05:02","modified_gmt":"2015-11-20T01:05:02","slug":"partisano-sabotando-linha-de-trem-boris-jochai","status":"publish","type":"page","link":"http:\/\/benabraham.org\/pt-br\/miriam-nekrycz\/a-libertacao\/partisano-sabotando-linha-de-trem-boris-jochai\/","title":{"rendered":"Partisano Sabotando Linha de Trem: Boris Jochai"},"content":{"rendered":"<section id=\"builder-section-1447981494781\" class=\"builder-section builder-section-first builder-section-text builder-section-last builder-text-columns-2\" style=\"\">\n<div class=\"builder-section-content\">\n<div class=\"builder-text-column builder-text-column-1\" id=\"builder-section-1447981494781-column-1\">\n<div class=\"builder-text-content\">\n<p>O combatente partisano judeu polon\u00eas Boris Jochai exerceu um importante papel nas atividades de resist\u00eancia, plantando dinamites em trilhos de trem para explodir os trens alem\u00e3es viajando pela Litu\u00e2nia. Os nazistas usavam as vias f\u00e9rreas como uma poderosa ferramenta para a infraestrutura da Solu\u00e7\u00e3o Final. Mais de um milh\u00e3o de pessoas era empregada para operar o sistema de trens que transportava os materiais de Guerra e as cru\u00e9is deporta\u00e7\u00f5es dos judeus. Depois da Guerra, Jochai disse: &#8220;Em 1942, deixei Swieciany rumo \u00e0s florestas vizinhas&#8230; Meu prop\u00f3sito era sobreviver e lutar contra o invasor&#8230; e destruir as linhas de trem, privando o inimigo dos suprimentos que chegariam ao fronte&#8221;.<\/p>\n<\/p><\/div>\n<\/p><\/div>\n<div class=\"builder-text-column builder-text-column-2\" id=\"builder-section-1447981494781-column-2\">\n<div class=\"builder-text-content\">\n<figure id=\"attachment_371\" aria-describedby=\"caption-attachment-371\" style=\"width: 400px\" class=\"wp-caption alignright\"><a href=\"http:\/\/benabraham.org\/pt-br\/directory\/uploads\/2015\/04\/partisan.png\"><img loading=\"lazy\" decoding=\"async\" class=\"wp-image-371\" src=\"http:\/\/benabraham.org\/pt-br\/directory\/uploads\/2015\/04\/partisan.png\" alt=\"\" width=\"400\" height=\"260\" srcset=\"http:\/\/benabraham.org\/en\/directory\/uploads\/2015\/04\/partisan.png 662w, http:\/\/benabraham.org\/en\/directory\/uploads\/2015\/04\/partisan-300x195.png 300w\" sizes=\"auto, (max-width: 400px) 100vw, 400px\" \/><\/a><figcaption id=\"caption-attachment-371\" class=\"wp-caption-text\">Partisano Sabotando Linha de Trem: Boris Jochai<\/figcaption><\/figure>\n<\/p><\/div>\n<\/p><\/div>\n<\/p><\/div>\n<\/section>\n","protected":false},"excerpt":{"rendered":"<p>O combatente partisano judeu polon\u00eas Boris Jochai exerceu um importante papel nas atividades de resist\u00eancia, plantando dinamites em trilhos de trem para explodir os trens alem\u00e3es viajando pela Litu\u00e2nia. Os nazistas usavam as vias f\u00e9rreas como uma poderosa ferramenta para a infraestrutura da Solu\u00e7\u00e3o Final. Mais de um milh\u00e3o de pessoas era empregada para operar &hellip;<\/p>\n","protected":false},"author":3,"featured_media":0,"parent":159,"menu_order":0,"comment_status":"closed","ping_status":"closed","template":"template-builder.php","meta":{"footnotes":""},"class_list":["post-465","page","type-page","status-publish","hentry"],"_links":{"self":[{"href":"http:\/\/benabraham.org\/pt-br\/wp-json\/wp\/v2\/pages\/465","targetHints":{"allow":["GET"]}}],"collection":[{"href":"http:\/\/benabraham.org\/pt-br\/wp-json\/wp\/v2\/pages"}],"about":[{"href":"http:\/\/benabraham.org\/pt-br\/wp-json\/wp\/v2\/types\/page"}],"author":[{"embeddable":true,"href":"http:\/\/benabraham.org\/pt-br\/wp-json\/wp\/v2\/users\/3"}],"replies":[{"embeddable":true,"href":"http:\/\/benabraham.org\/pt-br\/wp-json\/wp\/v2\/comments?post=465"}],"version-history":[{"count":1,"href":"http:\/\/benabraham.org\/pt-br\/wp-json\/wp\/v2\/pages\/465\/revisions"}],"predecessor-version":[{"id":1398,"href":"http:\/\/benabraham.org\/pt-br\/wp-json\/wp\/v2\/pages\/465\/revisions\/1398"}],"up":[{"embeddable":true,"href":"http:\/\/benabraham.org\/pt-br\/wp-json\/wp\/v2\/pages\/159"}],"wp:attachment":[{"href":"http:\/\/benabraham.org\/pt-br\/wp-json\/wp\/v2\/media?parent=465"}],"curies":[{"name":"wp","href":"https:\/\/api.w.org\/{rel}","templated":true}]}}