{"id":495,"date":"2015-04-10T21:22:08","date_gmt":"2015-04-10T21:22:08","guid":{"rendered":"http:\/\/benabraham.org\/en\/?page_id=495"},"modified":"2015-11-20T01:07:53","modified_gmt":"2015-11-20T01:07:53","slug":"zivia-lubetkin","status":"publish","type":"page","link":"http:\/\/benabraham.org\/pt-br\/miriam-nekrycz\/a-libertacao\/zivia-lubetkin\/","title":{"rendered":"Zivia Lubetkin"},"content":{"rendered":"<section id=\"builder-section-1447981575271\" class=\"builder-section builder-section-first builder-section-text builder-section-last builder-text-columns-2\" style=\"\">\n<div class=\"builder-section-content\">\n<div class=\"builder-text-column builder-text-column-1\" id=\"builder-section-1447981575271-column-1\">\n<div class=\"builder-text-content\">\n<p>Zivia Lubetkin foi uma das fundadoras da Organiza\u00e7\u00e3o de Combatentes Judeus (ZOB) e participou do levante do Gueto de Vars\u00f3via, o maior e, simbolicamente, mais importante levante judaico, e o primeiro levante urbano na Europa ocupada pelos alem\u00e3es. Ela foi uma dos poucos combatentes a sobreviver. Depois da Guerra, ela foi um dos sobreviventes a testemunhar contra Adolf Eichmann em seu julgamento em Jerusal\u00e9m, em 1961.<\/p>\n<\/p><\/div>\n<\/p><\/div>\n<div class=\"builder-text-column builder-text-column-2\" id=\"builder-section-1447981575271-column-2\">\n<div class=\"builder-text-content\">\n<figure id=\"attachment_493\" aria-describedby=\"caption-attachment-493\" style=\"width: 300px\" class=\"wp-caption aligncenter\"><a href=\"http:\/\/benabraham.org\/pt-br\/directory\/uploads\/2015\/04\/ZIVIA.jpg\"><img loading=\"lazy\" decoding=\"async\" class=\"wp-image-493\" src=\"http:\/\/benabraham.org\/pt-br\/directory\/uploads\/2015\/04\/ZIVIA-247x300.jpg\" alt=\"ZIVIA\" width=\"300\" height=\"364\" srcset=\"http:\/\/benabraham.org\/en\/directory\/uploads\/2015\/04\/ZIVIA-247x300.jpg 247w, http:\/\/benabraham.org\/en\/directory\/uploads\/2015\/04\/ZIVIA.jpg 659w\" sizes=\"auto, (max-width: 300px) 100vw, 300px\" \/><\/a><figcaption id=\"caption-attachment-493\" class=\"wp-caption-text\">Zivia Lubetkin. (Pintura a \u00f3leo).<\/figcaption><\/figure>\n<\/p><\/div>\n<\/p><\/div>\n<\/p><\/div>\n<\/section>\n","protected":false},"excerpt":{"rendered":"<p>Zivia Lubetkin foi uma das fundadoras da Organiza\u00e7\u00e3o de Combatentes Judeus (ZOB) e participou do levante do Gueto de Vars\u00f3via, o maior e, simbolicamente, mais importante levante judaico, e o primeiro levante urbano na Europa ocupada pelos alem\u00e3es. Ela foi uma dos poucos combatentes a sobreviver. Depois da Guerra, ela foi um dos sobreviventes a &hellip;<\/p>\n","protected":false},"author":3,"featured_media":0,"parent":159,"menu_order":0,"comment_status":"closed","ping_status":"closed","template":"template-builder.php","meta":{"footnotes":""},"class_list":["post-495","page","type-page","status-publish","hentry"],"_links":{"self":[{"href":"http:\/\/benabraham.org\/pt-br\/wp-json\/wp\/v2\/pages\/495","targetHints":{"allow":["GET"]}}],"collection":[{"href":"http:\/\/benabraham.org\/pt-br\/wp-json\/wp\/v2\/pages"}],"about":[{"href":"http:\/\/benabraham.org\/pt-br\/wp-json\/wp\/v2\/types\/page"}],"author":[{"embeddable":true,"href":"http:\/\/benabraham.org\/pt-br\/wp-json\/wp\/v2\/users\/3"}],"replies":[{"embeddable":true,"href":"http:\/\/benabraham.org\/pt-br\/wp-json\/wp\/v2\/comments?post=495"}],"version-history":[{"count":2,"href":"http:\/\/benabraham.org\/pt-br\/wp-json\/wp\/v2\/pages\/495\/revisions"}],"predecessor-version":[{"id":756,"href":"http:\/\/benabraham.org\/pt-br\/wp-json\/wp\/v2\/pages\/495\/revisions\/756"}],"up":[{"embeddable":true,"href":"http:\/\/benabraham.org\/pt-br\/wp-json\/wp\/v2\/pages\/159"}],"wp:attachment":[{"href":"http:\/\/benabraham.org\/pt-br\/wp-json\/wp\/v2\/media?parent=495"}],"curies":[{"name":"wp","href":"https:\/\/api.w.org\/{rel}","templated":true}]}}