{"id":499,"date":"2015-04-10T21:38:43","date_gmt":"2015-04-10T21:38:43","guid":{"rendered":"http:\/\/benabraham.org\/en\/?page_id=499"},"modified":"2015-11-20T01:11:41","modified_gmt":"2015-11-20T01:11:41","slug":"franklin-d-roosevelt","status":"publish","type":"page","link":"http:\/\/benabraham.org\/pt-br\/miriam-nekrycz\/a-libertacao\/franklin-d-roosevelt\/","title":{"rendered":"Franklin D. Roosevelt"},"content":{"rendered":"<section id=\"builder-section-1447981855155\" class=\"builder-section builder-section-first builder-section-text builder-section-last builder-text-columns-2\" style=\"\">\n<div class=\"builder-section-content\">\n<div class=\"builder-text-column builder-text-column-1\" id=\"builder-section-1447981855155-column-1\">\n<div class=\"builder-text-content\">\n<p>Franklin D. Roosevelt era o Presidente dos Estados Unidos durante a Segunda Guerra Mundial e o Holocausto. Embora liderando as linhas do fronte das for\u00e7as aliadas, ele nunca abordou seriamente o terr\u00edvel destino dos judeus sendo assassinados sob o regime de Hitler. Suas raz\u00f5es para evitar essa quest\u00e3o s\u00e3o desconhecidas, especialmente porque ele foi informado dos esquemas de Hitler j\u00e1 em 1942. Roosevelt acreditava que a melhor forma de libertar os judeus da Alemanha era derrotar a pr\u00f3pria Alemanha. Assim, ele ignorou muitos pedidos para aux\u00edlio direto aos judeus. Uma das maiores peti\u00e7\u00f5es que ele negou foi permitir que crian\u00e7as judias se refugiassem nos Estados Unidos durante o per\u00edodo em que a Gr\u00e3-Bretanha realizava o Kindertransport. Alguns historiadores consideram sua negativa em prestar aux\u00edlio e conceder abrigo aos judeus na Europa como um dos maiores equ\u00edvocos de sua presid\u00eancia.<\/p>\n<\/p><\/div>\n<\/p><\/div>\n<div class=\"builder-text-column builder-text-column-2\" id=\"builder-section-1447981855155-column-2\">\n<div class=\"builder-text-content\">\n<figure id=\"attachment_498\" aria-describedby=\"caption-attachment-498\" style=\"width: 350px\" class=\"wp-caption aligncenter\"><a href=\"http:\/\/benabraham.org\/pt-br\/directory\/uploads\/2015\/04\/roosevelt.jpg\"><img loading=\"lazy\" decoding=\"async\" class=\"wp-image-498\" src=\"http:\/\/benabraham.org\/pt-br\/directory\/uploads\/2015\/04\/roosevelt-199x300.jpg\" alt=\"roosevelt\" width=\"350\" height=\"527\" srcset=\"http:\/\/benabraham.org\/en\/directory\/uploads\/2015\/04\/roosevelt-199x300.jpg 199w, http:\/\/benabraham.org\/en\/directory\/uploads\/2015\/04\/roosevelt-679x1024.jpg 679w, http:\/\/benabraham.org\/en\/directory\/uploads\/2015\/04\/roosevelt.jpg 1000w\" sizes=\"auto, (max-width: 350px) 100vw, 350px\" \/><\/a><figcaption id=\"caption-attachment-498\" class=\"wp-caption-text\">Franklin D. Roosevelt. (Pintura a \u00f3leo).<\/figcaption><\/figure>\n<\/p><\/div>\n<\/p><\/div>\n<\/p><\/div>\n<\/section>\n","protected":false},"excerpt":{"rendered":"<p>Franklin D. Roosevelt era o Presidente dos Estados Unidos durante a Segunda Guerra Mundial e o Holocausto. Embora liderando as linhas do fronte das for\u00e7as aliadas, ele nunca abordou seriamente o terr\u00edvel destino dos judeus sendo assassinados sob o regime de Hitler. Suas raz\u00f5es para evitar essa quest\u00e3o s\u00e3o desconhecidas, especialmente porque ele foi informado &hellip;<\/p>\n","protected":false},"author":3,"featured_media":0,"parent":159,"menu_order":0,"comment_status":"closed","ping_status":"closed","template":"template-builder.php","meta":{"footnotes":""},"class_list":["post-499","page","type-page","status-publish","hentry"],"_links":{"self":[{"href":"http:\/\/benabraham.org\/pt-br\/wp-json\/wp\/v2\/pages\/499","targetHints":{"allow":["GET"]}}],"collection":[{"href":"http:\/\/benabraham.org\/pt-br\/wp-json\/wp\/v2\/pages"}],"about":[{"href":"http:\/\/benabraham.org\/pt-br\/wp-json\/wp\/v2\/types\/page"}],"author":[{"embeddable":true,"href":"http:\/\/benabraham.org\/pt-br\/wp-json\/wp\/v2\/users\/3"}],"replies":[{"embeddable":true,"href":"http:\/\/benabraham.org\/pt-br\/wp-json\/wp\/v2\/comments?post=499"}],"version-history":[{"count":2,"href":"http:\/\/benabraham.org\/pt-br\/wp-json\/wp\/v2\/pages\/499\/revisions"}],"predecessor-version":[{"id":1406,"href":"http:\/\/benabraham.org\/pt-br\/wp-json\/wp\/v2\/pages\/499\/revisions\/1406"}],"up":[{"embeddable":true,"href":"http:\/\/benabraham.org\/pt-br\/wp-json\/wp\/v2\/pages\/159"}],"wp:attachment":[{"href":"http:\/\/benabraham.org\/pt-br\/wp-json\/wp\/v2\/media?parent=499"}],"curies":[{"name":"wp","href":"https:\/\/api.w.org\/{rel}","templated":true}]}}