{"id":506,"date":"2015-04-10T22:05:26","date_gmt":"2015-04-10T22:05:26","guid":{"rendered":"http:\/\/benabraham.org\/en\/?page_id=506"},"modified":"2015-11-20T01:14:44","modified_gmt":"2015-11-20T01:14:44","slug":"menino-esperando-campo-refugiados","status":"publish","type":"page","link":"http:\/\/benabraham.org\/pt-br\/miriam-nekrycz\/refugiada-na-alemanha\/menino-esperando-campo-refugiados\/","title":{"rendered":"Menino Esperando para Ir para Campo de Refugiados"},"content":{"rendered":"<section id=\"builder-section-1447981967060\" class=\"builder-section builder-section-first builder-section-text builder-section-last builder-text-columns-2\" style=\"\">\n<div class=\"builder-section-content\">\n<div class=\"builder-text-column builder-text-column-1\" id=\"builder-section-1447981967060-column-1\">\n<div class=\"builder-text-content\">\n<p>Depois da Segunda Guerra Mundial, os que sobreviveram ao Holocausto enfrentaram desafios incr\u00edveis. Depois de perderem tudo, muitos desses sobreviventes foram enviados a campos de refugiados, onde as condi\u00e7\u00f5es de vida era relativamente pobre. Judeus de todas as idades iam para esses campos, alguns dos quais estavam longe de seus locais de origem. Muitas das crian\u00e7as que se encontravam nesses campos logo se davam conta de que seus pais e parentes n\u00e3o haviam sobrevivido. Elas teriam de crescer sem o amor e cuidado individuais de seus pais. Sua transi\u00e7\u00e3o, contudo, ficava mais f\u00e1cil conforme a vida social come\u00e7ava a florescer nos campos. Muitas atividades e organiza\u00e7\u00f5es foram desenvolvidas para assistir as crian\u00e7as e jovens em receber educa\u00e7\u00e3o, bem como para lhes proporcionar atividades sociais e recreacionais. Embora a vida fosse dif\u00edcil nos campos, muitas crian\u00e7as cresceram, outras nasceram, sobreviventes casaram-se com outros sobreviventes, e assim muitos puderam come\u00e7ar uma nova vida.<\/p>\n<\/p><\/div>\n<\/p><\/div>\n<div class=\"builder-text-column builder-text-column-2\" id=\"builder-section-1447981967060-column-2\">\n<div class=\"builder-text-content\">\n<figure id=\"attachment_505\" aria-describedby=\"caption-attachment-505\" style=\"width: 400px\" class=\"wp-caption aligncenter\"><a href=\"http:\/\/benabraham.org\/pt-br\/directory\/uploads\/2015\/04\/displaced-boy.jpg\"><img loading=\"lazy\" decoding=\"async\" class=\"wp-image-505\" src=\"http:\/\/benabraham.org\/pt-br\/directory\/uploads\/2015\/04\/displaced-boy-300x233.jpg\" alt=\"displaced boy\" width=\"400\" height=\"311\" srcset=\"http:\/\/benabraham.org\/en\/directory\/uploads\/2015\/04\/displaced-boy-300x233.jpg 300w, http:\/\/benabraham.org\/en\/directory\/uploads\/2015\/04\/displaced-boy.jpg 800w\" sizes=\"auto, (max-width: 400px) 100vw, 400px\" \/><\/a><figcaption id=\"caption-attachment-505\" class=\"wp-caption-text\">Menino Esperando para Ir para Campo de Refugiados. (Pintura a \u00f3leo).<\/figcaption><\/figure>\n<\/p><\/div>\n<\/p><\/div>\n<\/p><\/div>\n<\/section>\n","protected":false},"excerpt":{"rendered":"<p>Depois da Segunda Guerra Mundial, os que sobreviveram ao Holocausto enfrentaram desafios incr\u00edveis. Depois de perderem tudo, muitos desses sobreviventes foram enviados a campos de refugiados, onde as condi\u00e7\u00f5es de vida era relativamente pobre. Judeus de todas as idades iam para esses campos, alguns dos quais estavam longe de seus locais de origem. Muitas das &hellip;<\/p>\n","protected":false},"author":3,"featured_media":0,"parent":364,"menu_order":0,"comment_status":"closed","ping_status":"closed","template":"template-builder.php","meta":{"footnotes":""},"class_list":["post-506","page","type-page","status-publish","hentry"],"_links":{"self":[{"href":"http:\/\/benabraham.org\/pt-br\/wp-json\/wp\/v2\/pages\/506","targetHints":{"allow":["GET"]}}],"collection":[{"href":"http:\/\/benabraham.org\/pt-br\/wp-json\/wp\/v2\/pages"}],"about":[{"href":"http:\/\/benabraham.org\/pt-br\/wp-json\/wp\/v2\/types\/page"}],"author":[{"embeddable":true,"href":"http:\/\/benabraham.org\/pt-br\/wp-json\/wp\/v2\/users\/3"}],"replies":[{"embeddable":true,"href":"http:\/\/benabraham.org\/pt-br\/wp-json\/wp\/v2\/comments?post=506"}],"version-history":[{"count":2,"href":"http:\/\/benabraham.org\/pt-br\/wp-json\/wp\/v2\/pages\/506\/revisions"}],"predecessor-version":[{"id":1409,"href":"http:\/\/benabraham.org\/pt-br\/wp-json\/wp\/v2\/pages\/506\/revisions\/1409"}],"up":[{"embeddable":true,"href":"http:\/\/benabraham.org\/pt-br\/wp-json\/wp\/v2\/pages\/364"}],"wp:attachment":[{"href":"http:\/\/benabraham.org\/pt-br\/wp-json\/wp\/v2\/media?parent=506"}],"curies":[{"name":"wp","href":"https:\/\/api.w.org\/{rel}","templated":true}]}}