{"id":694,"date":"2015-05-01T14:28:47","date_gmt":"2015-05-01T14:28:47","guid":{"rendered":"http:\/\/benabraham.org\/en\/?page_id=694"},"modified":"2015-11-20T01:03:08","modified_gmt":"2015-11-20T01:03:08","slug":"uniformes-codificados-por-cor","status":"publish","type":"page","link":"http:\/\/benabraham.org\/pt-br\/duas-semanas-em-auschwitz\/uniformes-codificados-por-cor\/","title":{"rendered":"Uniformes Codificados por Cor"},"content":{"rendered":"<section id=\"builder-section-1447981375049\" class=\"builder-section builder-section-first builder-section-text builder-section-last builder-text-columns-2\" style=\"\">\n<div class=\"builder-section-content\">\n<div class=\"builder-text-column builder-text-column-1\" id=\"builder-section-1447981375049-column-1\">\n<div class=\"builder-text-content\">\n<p>Depois de 1939, os prisioneiros dos campos de concentra\u00e7\u00e3o passaram a ser divididos em categorias, de acordo com o <em>status<\/em> de cada um enquanto prisioneiro, sendo cada categoria representada por um tri\u00e2ngulo invertido de uma cor diferente: criminosos eram rotulados com tri\u00e2ngulos invertidos verdes; prisioneiros pol\u00edticos, incluindo os ciganos, n\u00e3o-conformistas, aqueles considerados vadios e outros grupos eram rotulados com tri\u00e2ngulos vermelhos ou marrons; homossexuais eram rotulados com tri\u00e2ngulos rosas; Testemunhas de Jeov\u00e1 eram rotulados com tri\u00e2ngulos roxos. Prisioneiros n\u00e3o alem\u00e3es tinham a primeira letra do nome alem\u00e3o para seu pa\u00eds, costurada na bra\u00e7adeira.<\/p>\n<p>Os dois tri\u00e2ngulos que formavam a estrela da bra\u00e7adeira dos prisioneiros judeus seriam ambos amarelos, a n\u00e3o ser que o prisioneiro judeu tamb\u00e9m se inclu\u00edsse em uma das outras categorias de prisioneiros. Por exemplo, um prisioneiro politico judeu seria identificado com um tri\u00e2ngulo amarelo por baixo de um tri\u00e2ngulo vermelho.<\/p>\n<\/p><\/div>\n<\/p><\/div>\n<div class=\"builder-text-column builder-text-column-2\" id=\"builder-section-1447981375049-column-2\">\n<div class=\"builder-text-content\">\n<figure id=\"attachment_688\" aria-describedby=\"caption-attachment-688\" style=\"width: 400px\" class=\"wp-caption alignright\"><a href=\"http:\/\/benabraham.org\/pt-br\/directory\/uploads\/2015\/05\/uniform-with-color-codes.jpg\"><img loading=\"lazy\" decoding=\"async\" class=\"wp-image-688\" src=\"http:\/\/benabraham.org\/pt-br\/directory\/uploads\/2015\/05\/uniform-with-color-codes-227x300.jpg\" alt=\"uniform with color codes\" width=\"400\" height=\"530\" srcset=\"http:\/\/benabraham.org\/en\/directory\/uploads\/2015\/05\/uniform-with-color-codes-227x300.jpg 227w, http:\/\/benabraham.org\/en\/directory\/uploads\/2015\/05\/uniform-with-color-codes.jpg 604w\" sizes=\"auto, (max-width: 400px) 100vw, 400px\" \/><\/a><figcaption id=\"caption-attachment-688\" class=\"wp-caption-text\">Uniformes codificados por cor. (Giz de cera).<\/figcaption><\/figure>\n<\/p><\/div>\n<\/p><\/div>\n<\/p><\/div>\n<\/section>\n","protected":false},"excerpt":{"rendered":"<p>Depois de 1939, os prisioneiros dos campos de concentra\u00e7\u00e3o passaram a ser divididos em categorias, de acordo com o status de cada um enquanto prisioneiro, sendo cada categoria representada por um tri\u00e2ngulo invertido de uma cor diferente: criminosos eram rotulados com tri\u00e2ngulos invertidos verdes; prisioneiros pol\u00edticos, incluindo os ciganos, n\u00e3o-conformistas, aqueles considerados vadios e outros &hellip;<\/p>\n","protected":false},"author":3,"featured_media":0,"parent":19,"menu_order":0,"comment_status":"closed","ping_status":"closed","template":"template-builder.php","meta":{"footnotes":""},"class_list":["post-694","page","type-page","status-publish","hentry"],"_links":{"self":[{"href":"http:\/\/benabraham.org\/pt-br\/wp-json\/wp\/v2\/pages\/694","targetHints":{"allow":["GET"]}}],"collection":[{"href":"http:\/\/benabraham.org\/pt-br\/wp-json\/wp\/v2\/pages"}],"about":[{"href":"http:\/\/benabraham.org\/pt-br\/wp-json\/wp\/v2\/types\/page"}],"author":[{"embeddable":true,"href":"http:\/\/benabraham.org\/pt-br\/wp-json\/wp\/v2\/users\/3"}],"replies":[{"embeddable":true,"href":"http:\/\/benabraham.org\/pt-br\/wp-json\/wp\/v2\/comments?post=694"}],"version-history":[{"count":2,"href":"http:\/\/benabraham.org\/pt-br\/wp-json\/wp\/v2\/pages\/694\/revisions"}],"predecessor-version":[{"id":1397,"href":"http:\/\/benabraham.org\/pt-br\/wp-json\/wp\/v2\/pages\/694\/revisions\/1397"}],"up":[{"embeddable":true,"href":"http:\/\/benabraham.org\/pt-br\/wp-json\/wp\/v2\/pages\/19"}],"wp:attachment":[{"href":"http:\/\/benabraham.org\/pt-br\/wp-json\/wp\/v2\/media?parent=694"}],"curies":[{"name":"wp","href":"https:\/\/api.w.org\/{rel}","templated":true}]}}