{"id":696,"date":"2015-05-01T14:31:54","date_gmt":"2015-05-01T14:31:54","guid":{"rendered":"http:\/\/benabraham.org\/en\/?page_id=696"},"modified":"2015-11-20T01:09:53","modified_gmt":"2015-11-20T01:09:53","slug":"por-que-auschwitz-nao-foi-bombardeada","status":"publish","type":"page","link":"http:\/\/benabraham.org\/pt-br\/duas-semanas-em-auschwitz\/the-liberation\/por-que-auschwitz-nao-foi-bombardeada\/","title":{"rendered":"Evid\u00eancia A\u00e9rea: Por que Auschwitz n\u00e3o foi bombardeada?"},"content":{"rendered":"<section id=\"builder-section-1447981758052\" class=\"builder-section builder-section-first builder-section-text builder-section-last builder-text-columns-2\" style=\"\">\n<div class=\"builder-section-content\">\n<div class=\"builder-text-column builder-text-column-1\" id=\"builder-section-1447981758052-column-1\">\n<div class=\"builder-text-content\">\n<p style=\"text-align: left;\">J\u00e1 em 1944, a For\u00e7a A\u00e9rea dos Estados Unidos teve conhecimento do campo de exterm\u00ednio de Auschwitz por meio de imagens fotogr\u00e1ficas a\u00e9reas. Essa miss\u00e3o de intelig\u00eancia tinha o objetivo de bombardear as f\u00e1bricas de borracha e combust\u00edveis adjacentes em Monowitz. Os l\u00edderes judeus imploraram ao governo dos Estados Unidos para que bombardeasse Auschwitz e parasse essa &#8220;m\u00e1quina de assassinatos&#8221;. Os oficiais declinaram de bombardear Auschwitz, declarando que n\u00e3o poderiam bombardear a \u00e1rea com suficiente precis\u00e3o. A f\u00e1brica IG Farben, em Monowitz, foi bombardeada duas vezes com sucesso.<\/p>\n<\/p><\/div>\n<\/p><\/div>\n<div class=\"builder-text-column builder-text-column-2\" id=\"builder-section-1447981758052-column-2\">\n<div class=\"builder-text-content\">\n<figure id=\"attachment_686\" aria-describedby=\"caption-attachment-686\" style=\"width: 400px\" class=\"wp-caption alignright\"><a href=\"http:\/\/benabraham.org\/pt-br\/directory\/uploads\/2015\/05\/Aerial_Evidence__4f581486873bb.jpg\"><img loading=\"lazy\" decoding=\"async\" class=\"wp-image-686\" src=\"http:\/\/benabraham.org\/pt-br\/directory\/uploads\/2015\/05\/Aerial_Evidence__4f581486873bb-300x245.jpg\" alt=\"Aerial_Evidence__4f581486873bb\" width=\"400\" height=\"326\" srcset=\"http:\/\/benabraham.org\/en\/directory\/uploads\/2015\/05\/Aerial_Evidence__4f581486873bb-300x245.jpg 300w, http:\/\/benabraham.org\/en\/directory\/uploads\/2015\/05\/Aerial_Evidence__4f581486873bb.jpg 799w\" sizes=\"auto, (max-width: 400px) 100vw, 400px\" \/><\/a><figcaption id=\"caption-attachment-686\" class=\"wp-caption-text\">Evid\u00eancia A\u00e9rea: Por que Auschwitz n\u00e3o foi Bombardeada? (Pintura a \u00f3leo).<\/figcaption><\/figure>\n<\/p><\/div>\n<\/p><\/div>\n<\/p><\/div>\n<\/section>\n","protected":false},"excerpt":{"rendered":"<p>J\u00e1 em 1944, a For\u00e7a A\u00e9rea dos Estados Unidos teve conhecimento do campo de exterm\u00ednio de Auschwitz por meio de imagens fotogr\u00e1ficas a\u00e9reas. Essa miss\u00e3o de intelig\u00eancia tinha o objetivo de bombardear as f\u00e1bricas de borracha e combust\u00edveis adjacentes em Monowitz. Os l\u00edderes judeus imploraram ao governo dos Estados Unidos para que bombardeasse Auschwitz e &hellip;<\/p>\n","protected":false},"author":3,"featured_media":0,"parent":303,"menu_order":0,"comment_status":"closed","ping_status":"closed","template":"template-builder.php","meta":{"footnotes":""},"class_list":["post-696","page","type-page","status-publish","hentry"],"_links":{"self":[{"href":"http:\/\/benabraham.org\/pt-br\/wp-json\/wp\/v2\/pages\/696","targetHints":{"allow":["GET"]}}],"collection":[{"href":"http:\/\/benabraham.org\/pt-br\/wp-json\/wp\/v2\/pages"}],"about":[{"href":"http:\/\/benabraham.org\/pt-br\/wp-json\/wp\/v2\/types\/page"}],"author":[{"embeddable":true,"href":"http:\/\/benabraham.org\/pt-br\/wp-json\/wp\/v2\/users\/3"}],"replies":[{"embeddable":true,"href":"http:\/\/benabraham.org\/pt-br\/wp-json\/wp\/v2\/comments?post=696"}],"version-history":[{"count":2,"href":"http:\/\/benabraham.org\/pt-br\/wp-json\/wp\/v2\/pages\/696\/revisions"}],"predecessor-version":[{"id":1402,"href":"http:\/\/benabraham.org\/pt-br\/wp-json\/wp\/v2\/pages\/696\/revisions\/1402"}],"up":[{"embeddable":true,"href":"http:\/\/benabraham.org\/pt-br\/wp-json\/wp\/v2\/pages\/303"}],"wp:attachment":[{"href":"http:\/\/benabraham.org\/pt-br\/wp-json\/wp\/v2\/media?parent=696"}],"curies":[{"name":"wp","href":"https:\/\/api.w.org\/{rel}","templated":true}]}}