{"id":701,"date":"2015-05-01T14:39:18","date_gmt":"2015-05-01T14:39:18","guid":{"rendered":"http:\/\/benabraham.org\/en\/?page_id=701"},"modified":"2015-05-26T15:03:34","modified_gmt":"2015-05-26T15:03:34","slug":"rabino-shalom-yosef-elyashiv","status":"publish","type":"page","link":"http:\/\/benabraham.org\/pt-br\/rabino-shalom-yosef-elyashiv\/","title":{"rendered":"Rabino Shalom Yosef Elyashiv"},"content":{"rendered":"<figure id=\"attachment_702\" aria-describedby=\"caption-attachment-702\" style=\"width: 400px\" class=\"wp-caption alignright\"><a href=\"http:\/\/benabraham.org\/pt-br\/directory\/uploads\/2015\/05\/rabi.jpg\"><img loading=\"lazy\" decoding=\"async\" class=\"wp-image-702\" src=\"http:\/\/benabraham.org\/pt-br\/directory\/uploads\/2015\/05\/rabi-243x300.jpg\" alt=\"rabi\" width=\"400\" height=\"495\" srcset=\"http:\/\/benabraham.org\/en\/directory\/uploads\/2015\/05\/rabi-243x300.jpg 243w, http:\/\/benabraham.org\/en\/directory\/uploads\/2015\/05\/rabi.jpg 647w\" sizes=\"auto, (max-width: 400px) 100vw, 400px\" \/><\/a><figcaption id=\"caption-attachment-702\" class=\"wp-caption-text\">Rabino Shalom Yosef Elyashiv. (Pintura a \u00f3leo).<\/figcaption><\/figure>\n<p>O <em>Judenrat<\/em> de cada gueto era composto de l\u00edderes judeus, escribas e rabinos, os quais eram considerados respons\u00e1veis pelos nazistas pelo cumprimento das ordens e pela organiza\u00e7\u00e3o dos servi\u00e7os essenciais aos judeus confinados. Muitos dos escribas judeus recusaram-se a entregar os judeus de seu gueto para deporta\u00e7\u00e3o e morte e estiveram dispostos a sofrer por si pr\u00f3prios as consequ\u00eancias da morte. Os escribas judeus dedicavam-se, mesmo nas horas mais negras do Holocausto, a estudar e preservar os pergaminhos entesourados da Tor\u00e1, como vitais para suas comunidades judaicas. Assim, muitos desses escribas examinavam as Escrituras dia e noite, em busca de respostas para as devastadoras circunst\u00e2ncias que seu povo enfrentava diariamente.<\/p>\n","protected":false},"excerpt":{"rendered":"<p>O Judenrat de cada gueto era composto de l\u00edderes judeus, escribas e rabinos, os quais eram considerados respons\u00e1veis pelos nazistas pelo cumprimento das ordens e pela organiza\u00e7\u00e3o dos servi\u00e7os essenciais aos judeus confinados. Muitos dos escribas judeus recusaram-se a entregar os judeus de seu gueto para deporta\u00e7\u00e3o e morte e estiveram dispostos a sofrer por &hellip;<\/p>\n","protected":false},"author":3,"featured_media":0,"parent":0,"menu_order":0,"comment_status":"closed","ping_status":"closed","template":"","meta":{"footnotes":""},"class_list":["post-701","page","type-page","status-publish","hentry"],"_links":{"self":[{"href":"http:\/\/benabraham.org\/pt-br\/wp-json\/wp\/v2\/pages\/701","targetHints":{"allow":["GET"]}}],"collection":[{"href":"http:\/\/benabraham.org\/pt-br\/wp-json\/wp\/v2\/pages"}],"about":[{"href":"http:\/\/benabraham.org\/pt-br\/wp-json\/wp\/v2\/types\/page"}],"author":[{"embeddable":true,"href":"http:\/\/benabraham.org\/pt-br\/wp-json\/wp\/v2\/users\/3"}],"replies":[{"embeddable":true,"href":"http:\/\/benabraham.org\/pt-br\/wp-json\/wp\/v2\/comments?post=701"}],"version-history":[{"count":1,"href":"http:\/\/benabraham.org\/pt-br\/wp-json\/wp\/v2\/pages\/701\/revisions"}],"predecessor-version":[{"id":1032,"href":"http:\/\/benabraham.org\/pt-br\/wp-json\/wp\/v2\/pages\/701\/revisions\/1032"}],"wp:attachment":[{"href":"http:\/\/benabraham.org\/pt-br\/wp-json\/wp\/v2\/media?parent=701"}],"curies":[{"name":"wp","href":"https:\/\/api.w.org\/{rel}","templated":true}]}}