{"id":714,"date":"2015-05-01T14:55:24","date_gmt":"2015-05-01T14:55:24","guid":{"rendered":"http:\/\/benabraham.org\/en\/?page_id=714"},"modified":"2015-11-20T01:16:54","modified_gmt":"2015-11-20T01:16:54","slug":"a-alegria-do-reencontro","status":"publish","type":"page","link":"http:\/\/benabraham.org\/pt-br\/miriam-nekrycz\/retorno-as-origens-judaicas\/a-alegria-do-reencontro\/","title":{"rendered":"A Alegria do Reencontro"},"content":{"rendered":"<section id=\"builder-section-1447982157613\" class=\"builder-section builder-section-first builder-section-text builder-section-last builder-text-columns-2\" style=\"\">\n<div class=\"builder-section-content\">\n<div class=\"builder-text-column builder-text-column-1\" id=\"builder-section-1447982157613-column-1\">\n<div class=\"builder-text-content\">\n<p>O final da guerra n\u00e3o significou o final da trag\u00e9dia. Incont\u00e1veis sobreviventes foram deixados aparentemente s\u00f3s no mundo e come\u00e7aram uma jornada de procurar por seus entes queridos. Alguns foram afortunados de reencontrar suas fam\u00edlias, mas muitos tiveram que encarar a realidade de que o brutal regime nazista tinha matado toda a sua fam\u00edlia. Esse casal judeu &#8211; marido e esposa &#8211; havia sido cruelmente separados pelos nazistas em 1941, mas ambos sobreviveram ao Holocausto e aqui aparecem quando se reencontraram, em maio de 1946, em Haifa.<\/p>\n<\/p><\/div>\n<\/p><\/div>\n<div class=\"builder-text-column builder-text-column-2\" id=\"builder-section-1447982157613-column-2\">\n<div class=\"builder-text-content\">\n<figure id=\"attachment_712\" aria-describedby=\"caption-attachment-712\" style=\"width: 400px\" class=\"wp-caption aligncenter\"><a href=\"http:\/\/benabraham.org\/pt-br\/directory\/uploads\/2015\/04\/reunification.jpg\"><img loading=\"lazy\" decoding=\"async\" class=\"wp-image-712\" src=\"http:\/\/benabraham.org\/pt-br\/directory\/uploads\/2015\/04\/reunification-300x200.jpg\" alt=\"reunification\" width=\"400\" height=\"266\" srcset=\"http:\/\/benabraham.org\/en\/directory\/uploads\/2015\/04\/reunification-300x200.jpg 300w, http:\/\/benabraham.org\/en\/directory\/uploads\/2015\/04\/reunification.jpg 800w\" sizes=\"auto, (max-width: 400px) 100vw, 400px\" \/><\/a><figcaption id=\"caption-attachment-712\" class=\"wp-caption-text\">A Alegria do Reencontro. (Giz de cera).<\/figcaption><\/figure>\n<\/p><\/div>\n<\/p><\/div>\n<\/p><\/div>\n<\/section>\n","protected":false},"excerpt":{"rendered":"<p>O final da guerra n\u00e3o significou o final da trag\u00e9dia. Incont\u00e1veis sobreviventes foram deixados aparentemente s\u00f3s no mundo e come\u00e7aram uma jornada de procurar por seus entes queridos. Alguns foram afortunados de reencontrar suas fam\u00edlias, mas muitos tiveram que encarar a realidade de que o brutal regime nazista tinha matado toda a sua fam\u00edlia. Esse &hellip;<\/p>\n","protected":false},"author":3,"featured_media":0,"parent":161,"menu_order":0,"comment_status":"closed","ping_status":"closed","template":"template-builder.php","meta":{"footnotes":""},"class_list":["post-714","page","type-page","status-publish","hentry"],"_links":{"self":[{"href":"http:\/\/benabraham.org\/pt-br\/wp-json\/wp\/v2\/pages\/714","targetHints":{"allow":["GET"]}}],"collection":[{"href":"http:\/\/benabraham.org\/pt-br\/wp-json\/wp\/v2\/pages"}],"about":[{"href":"http:\/\/benabraham.org\/pt-br\/wp-json\/wp\/v2\/types\/page"}],"author":[{"embeddable":true,"href":"http:\/\/benabraham.org\/pt-br\/wp-json\/wp\/v2\/users\/3"}],"replies":[{"embeddable":true,"href":"http:\/\/benabraham.org\/pt-br\/wp-json\/wp\/v2\/comments?post=714"}],"version-history":[{"count":2,"href":"http:\/\/benabraham.org\/pt-br\/wp-json\/wp\/v2\/pages\/714\/revisions"}],"predecessor-version":[{"id":1412,"href":"http:\/\/benabraham.org\/pt-br\/wp-json\/wp\/v2\/pages\/714\/revisions\/1412"}],"up":[{"embeddable":true,"href":"http:\/\/benabraham.org\/pt-br\/wp-json\/wp\/v2\/pages\/161"}],"wp:attachment":[{"href":"http:\/\/benabraham.org\/pt-br\/wp-json\/wp\/v2\/media?parent=714"}],"curies":[{"name":"wp","href":"https:\/\/api.w.org\/{rel}","templated":true}]}}