{"id":720,"date":"2015-05-01T15:02:57","date_gmt":"2015-05-01T15:02:57","guid":{"rendered":"http:\/\/benabraham.org\/en\/?page_id=720"},"modified":"2015-11-20T01:21:49","modified_gmt":"2015-11-20T01:21:49","slug":"soldado-da-hagana-com-tatuagem-de-auschwitz","status":"publish","type":"page","link":"http:\/\/benabraham.org\/pt-br\/soldado-da-hagana-com-tatuagem-de-auschwitz\/","title":{"rendered":"Soldado da Hagan\u00e1 com Tatuagem de Auschwitz"},"content":{"rendered":"<section id=\"builder-section-1447982488074\" class=\"builder-section builder-section-first builder-section-text builder-section-last builder-text-columns-2\" style=\"\">\n<div class=\"builder-section-content\">\n<div class=\"builder-text-column builder-text-column-1\" id=\"builder-section-1447982488074-column-1\">\n<div class=\"builder-text-content\">\n<p>V\u00edtima, nunca mais! &#8220;Eis que abrirei vossos sepulcros e vos farei sair de vossos sepulcros, \u00d3 meu povo; e vos trarei [de volta para casa] para a terra de Israel&#8221; &#8211; Ezequiel 37:12. Como prova not\u00e1vel da promessa de Deus, essa ex-v\u00edtima do Holocausto est\u00e1 em posto de vigia em Jaffa como soldado da Hagan\u00e1. A Hagan\u00e1 era uma das organiza\u00e7\u00f5es armadas que defendiam a terra antes da proclama\u00e7\u00e3o da Independ\u00eancia de Insrael em 1948. Depois de 1948, esse grupo foi incorporado ao ex\u00e9rcito israelense.<\/p>\n<\/p><\/div>\n<\/p><\/div>\n<div class=\"builder-text-column builder-text-column-2\" id=\"builder-section-1447982488074-column-2\">\n<div class=\"builder-text-content\">\n<figure id=\"attachment_369\" aria-describedby=\"caption-attachment-369\" style=\"width: 350px\" class=\"wp-caption aligncenter\"><a href=\"http:\/\/benabraham.org\/pt-br\/directory\/uploads\/2015\/04\/haganah.png\"><img loading=\"lazy\" decoding=\"async\" class=\"wp-image-369\" src=\"http:\/\/benabraham.org\/pt-br\/directory\/uploads\/2015\/04\/haganah.png\" alt=\"haganah\" width=\"350\" height=\"507\" srcset=\"http:\/\/benabraham.org\/en\/directory\/uploads\/2015\/04\/haganah.png 420w, http:\/\/benabraham.org\/en\/directory\/uploads\/2015\/04\/haganah-207x300.png 207w\" sizes=\"auto, (max-width: 350px) 100vw, 350px\" \/><\/a><figcaption id=\"caption-attachment-369\" class=\"wp-caption-text\">Soldado da Hagan\u00e1 com Tatuagem de Auschwitz (Pintura a \u00f3leo).<\/figcaption><\/figure>\n<\/p><\/div>\n<\/p><\/div>\n<\/p><\/div>\n<\/section>\n","protected":false},"excerpt":{"rendered":"<p>V\u00edtima, nunca mais! &#8220;Eis que abrirei vossos sepulcros e vos farei sair de vossos sepulcros, \u00d3 meu povo; e vos trarei [de volta para casa] para a terra de Israel&#8221; &#8211; Ezequiel 37:12. Como prova not\u00e1vel da promessa de Deus, essa ex-v\u00edtima do Holocausto est\u00e1 em posto de vigia em Jaffa como soldado da Hagan\u00e1. &hellip;<\/p>\n","protected":false},"author":3,"featured_media":0,"parent":0,"menu_order":0,"comment_status":"closed","ping_status":"closed","template":"template-builder.php","meta":{"footnotes":""},"class_list":["post-720","page","type-page","status-publish","hentry"],"_links":{"self":[{"href":"http:\/\/benabraham.org\/pt-br\/wp-json\/wp\/v2\/pages\/720","targetHints":{"allow":["GET"]}}],"collection":[{"href":"http:\/\/benabraham.org\/pt-br\/wp-json\/wp\/v2\/pages"}],"about":[{"href":"http:\/\/benabraham.org\/pt-br\/wp-json\/wp\/v2\/types\/page"}],"author":[{"embeddable":true,"href":"http:\/\/benabraham.org\/pt-br\/wp-json\/wp\/v2\/users\/3"}],"replies":[{"embeddable":true,"href":"http:\/\/benabraham.org\/pt-br\/wp-json\/wp\/v2\/comments?post=720"}],"version-history":[{"count":1,"href":"http:\/\/benabraham.org\/pt-br\/wp-json\/wp\/v2\/pages\/720\/revisions"}],"predecessor-version":[{"id":1415,"href":"http:\/\/benabraham.org\/pt-br\/wp-json\/wp\/v2\/pages\/720\/revisions\/1415"}],"wp:attachment":[{"href":"http:\/\/benabraham.org\/pt-br\/wp-json\/wp\/v2\/media?parent=720"}],"curies":[{"name":"wp","href":"https:\/\/api.w.org\/{rel}","templated":true}]}}