{"id":725,"date":"2015-05-01T15:08:02","date_gmt":"2015-05-01T15:08:02","guid":{"rendered":"http:\/\/benabraham.org\/en\/?page_id=725"},"modified":"2015-11-20T21:17:33","modified_gmt":"2015-11-20T21:17:33","slug":"maapilim-de-buchenwald","status":"publish","type":"page","link":"http:\/\/benabraham.org\/pt-br\/maapilim-de-buchenwald\/","title":{"rendered":"Maapilim de Buchenwald"},"content":{"rendered":"<section id=\"builder-section-1447982401229\" class=\"builder-section builder-section-first builder-section-text builder-section-last builder-text-columns-2\" style=\"\">\n<div class=\"builder-section-content\">\n<div class=\"builder-text-column builder-text-column-1\" id=\"builder-section-1447982401229-column-1\">\n<div class=\"builder-text-content\">\n<p>Nos anos que se seguiram ao Holocausto, incont\u00e1veis n\u00fameros de judeus buscavam desesperadamente encontrar e construir uma nova vida. Devido \u00e0 destrui\u00e7\u00e3o de comunidades e ao forte antissemitismo do p\u00f3s-guerra, depois da Segunda Guerra Mundial a Europa Oriental n\u00e3o era um bom lugar para judeus. Para muitos deles, a \u00fanica resposta era uma terra que pudessem chamar de sua &#8211; a Terra Prometida! Motivados pelo antigo sonho do &#8220;Retorno a Si\u00e3o&#8221;, com suas profundas ra\u00edzes nas Escrituras, muitos judeus devastados pela guerra encontraram for\u00e7as novamente para possuir a Terra Prometida. Israel, de fato tornou-se uma na\u00e7\u00e3o, mas n\u00e3o sem grande sacrif\u00edcio. Esses jovens, que havia pouco tempo tinham sido libertados do campo de concentra\u00e7\u00e3o de Buchenwald, embarcaram no navio RMS Mataroa, chegando ao porto de Haifa, na Palestina, em 1945, e finalmente puderam ver essa bendita terra pela qual haviam ansiado. A grande determina\u00e7\u00e3o no cora\u00e7\u00e3o de tantos judeus para preserv\u00e1-la e possu\u00ed-la fez cumprir o que Deus havia prometido muito tempo antes, e Israel tornou-se uma na\u00e7\u00e3o em um s\u00f3 dia, em 14 de maio de 1948.<\/p>\n<\/p><\/div>\n<\/p><\/div>\n<div class=\"builder-text-column builder-text-column-2\" id=\"builder-section-1447982401229-column-2\">\n<div class=\"builder-text-content\">\n<figure id=\"attachment_376\" aria-describedby=\"caption-attachment-376\" style=\"width: 350px\" class=\"wp-caption aligncenter\"><a href=\"http:\/\/benabraham.org\/pt-br\/directory\/uploads\/2015\/04\/going-home.png\"><img loading=\"lazy\" decoding=\"async\" class=\"wp-image-376\" src=\"http:\/\/benabraham.org\/pt-br\/directory\/uploads\/2015\/04\/going-home-211x300.png\" alt=\"going home\" width=\"350\" height=\"498\" srcset=\"http:\/\/benabraham.org\/en\/directory\/uploads\/2015\/04\/going-home-211x300.png 211w, http:\/\/benabraham.org\/en\/directory\/uploads\/2015\/04\/going-home.png 434w\" sizes=\"auto, (max-width: 350px) 100vw, 350px\" \/><\/a><figcaption id=\"caption-attachment-376\" class=\"wp-caption-text\">Maapilim de Buchenwald. (Pintura a \u00f3leo).<\/figcaption><\/figure>\n<\/p><\/div>\n<\/p><\/div>\n<\/p><\/div>\n<\/section>\n","protected":false},"excerpt":{"rendered":"<p>Nos anos que se seguiram ao Holocausto, incont\u00e1veis n\u00fameros de judeus buscavam desesperadamente encontrar e construir uma nova vida. Devido \u00e0 destrui\u00e7\u00e3o de comunidades e ao forte antissemitismo do p\u00f3s-guerra, depois da Segunda Guerra Mundial a Europa Oriental n\u00e3o era um bom lugar para judeus. Para muitos deles, a \u00fanica resposta era uma terra que &hellip;<\/p>\n","protected":false},"author":3,"featured_media":0,"parent":0,"menu_order":0,"comment_status":"closed","ping_status":"closed","template":"template-builder.php","meta":{"footnotes":""},"class_list":["post-725","page","type-page","status-publish","hentry"],"_links":{"self":[{"href":"http:\/\/benabraham.org\/pt-br\/wp-json\/wp\/v2\/pages\/725","targetHints":{"allow":["GET"]}}],"collection":[{"href":"http:\/\/benabraham.org\/pt-br\/wp-json\/wp\/v2\/pages"}],"about":[{"href":"http:\/\/benabraham.org\/pt-br\/wp-json\/wp\/v2\/types\/page"}],"author":[{"embeddable":true,"href":"http:\/\/benabraham.org\/pt-br\/wp-json\/wp\/v2\/users\/3"}],"replies":[{"embeddable":true,"href":"http:\/\/benabraham.org\/pt-br\/wp-json\/wp\/v2\/comments?post=725"}],"version-history":[{"count":1,"href":"http:\/\/benabraham.org\/pt-br\/wp-json\/wp\/v2\/pages\/725\/revisions"}],"predecessor-version":[{"id":1419,"href":"http:\/\/benabraham.org\/pt-br\/wp-json\/wp\/v2\/pages\/725\/revisions\/1419"}],"wp:attachment":[{"href":"http:\/\/benabraham.org\/pt-br\/wp-json\/wp\/v2\/media?parent=725"}],"curies":[{"name":"wp","href":"https:\/\/api.w.org\/{rel}","templated":true}]}}