{"id":731,"date":"2015-05-01T16:57:46","date_gmt":"2015-05-01T16:57:46","guid":{"rendered":"http:\/\/benabraham.org\/en\/?page_id=731"},"modified":"2015-05-25T21:43:34","modified_gmt":"2015-05-25T21:43:34","slug":"cargos-ocupados-ben-abraham","status":"publish","type":"page","link":"http:\/\/benabraham.org\/pt-br\/cargos-ocupados-ben-abraham\/","title":{"rendered":"Cargos Ocupados"},"content":{"rendered":"<p>Rep\u00f3rter, <em>Jornal Folha da Tarde<\/em>, 1975-1984.<\/p>\n<p>Coordenador Geral da Sherit Hapleit\u00e1 Brasil \u2013 Associa\u00e7\u00e3o dos Sobreviventes do Nazismo, desde 1976.<\/p>\n<p>Diretor Executivo da Federa\u00e7\u00e3o Israelita do Estado de S\u00e3o Paulo,\u00a01979-1987.<\/p>\n<p>Assessor do Governo do Estado de S\u00e3o Paulo para a quest\u00e3o do menor abandonado, 1979-1982.<\/p>\n<p>Diretor Cultural da Loja Hillel da B&#8217;nai B&#8217;rith, S\u00e3o Paulo, 1979-1981.<\/p>\n<p>Secret\u00e1rio Geral da B&#8217;nai B&#8217;rith, Distrito XXV, 1981-1983.<\/p>\n<p>Diretor Executivo da Casa de Cultura de Israel, 1985-1990.<\/p>\n<p>Diretor Executivo e Assessor da Presid\u00eancia da Associa\u00e7\u00e3o Janusz Korczak no Brasil, desde a sua funda\u00e7\u00e3o.<\/p>\n<p>Membro do Comit\u00ea Executivo do Congresso Mundial de Sobreviventes do Holocausto Judaico, presidido por Stefan Grayek, Simone Weil e Elie Wiesel, em 1981.<\/p>\n<p>Membro Executivo da Sherit Hapleit\u00e1 Internacional, desde 1991.<\/p>\n","protected":false},"excerpt":{"rendered":"<p>Rep\u00f3rter, Jornal Folha da Tarde, 1975-1984. Coordenador Geral da Sherit Hapleit\u00e1 Brasil \u2013 Associa\u00e7\u00e3o dos Sobreviventes do Nazismo, desde 1976. Diretor Executivo da Federa\u00e7\u00e3o Israelita do Estado de S\u00e3o Paulo,\u00a01979-1987. Assessor do Governo do Estado de S\u00e3o Paulo para a quest\u00e3o do menor abandonado, 1979-1982. Diretor Cultural da Loja Hillel da B&#8217;nai B&#8217;rith, S\u00e3o Paulo, &hellip;<\/p>\n","protected":false},"author":3,"featured_media":0,"parent":0,"menu_order":0,"comment_status":"closed","ping_status":"closed","template":"","meta":{"footnotes":""},"class_list":["post-731","page","type-page","status-publish","hentry"],"_links":{"self":[{"href":"http:\/\/benabraham.org\/pt-br\/wp-json\/wp\/v2\/pages\/731","targetHints":{"allow":["GET"]}}],"collection":[{"href":"http:\/\/benabraham.org\/pt-br\/wp-json\/wp\/v2\/pages"}],"about":[{"href":"http:\/\/benabraham.org\/pt-br\/wp-json\/wp\/v2\/types\/page"}],"author":[{"embeddable":true,"href":"http:\/\/benabraham.org\/pt-br\/wp-json\/wp\/v2\/users\/3"}],"replies":[{"embeddable":true,"href":"http:\/\/benabraham.org\/pt-br\/wp-json\/wp\/v2\/comments?post=731"}],"version-history":[{"count":1,"href":"http:\/\/benabraham.org\/pt-br\/wp-json\/wp\/v2\/pages\/731\/revisions"}],"predecessor-version":[{"id":877,"href":"http:\/\/benabraham.org\/pt-br\/wp-json\/wp\/v2\/pages\/731\/revisions\/877"}],"wp:attachment":[{"href":"http:\/\/benabraham.org\/pt-br\/wp-json\/wp\/v2\/media?parent=731"}],"curies":[{"name":"wp","href":"https:\/\/api.w.org\/{rel}","templated":true}]}}