{"id":31,"date":"2015-03-29T00:39:34","date_gmt":"2015-03-29T00:39:34","guid":{"rendered":"http:\/\/benabraham.org\/en\/?page_id=31"},"modified":"2016-07-24T18:17:43","modified_gmt":"2016-07-24T18:17:43","slug":"about","status":"publish","type":"page","link":"https:\/\/benabraham.org\/en\/about\/","title":{"rendered":"About"},"content":{"rendered":"<section id=\"builder-section-1448071854625\" class=\"builder-section builder-section-first builder-section-text builder-section-last builder-text-columns-1\" style=\"\">\n<div class=\"builder-section-content\">\n<div class=\"builder-text-column builder-text-column-1\" id=\"builder-section-1448071854625-column-1\">\n<div class=\"builder-text-content\">\n<p>This is an international research project, aimed at documenting the life and the work of Holocaust survivors Ben Abraham and Miriam Nekrycz. This project is a the result of joined work of the <a href=\"http:\/\/www.theholocaustmuseum.info\" target=\"_blank\">Word of Faith Christian School Holocaust Museum<\/a>, Spindale, USA, the Memorial do Holocausto do Col\u00e9gio Crist\u00e3o Rhema, Franco da Rocha, Brazil, and the Memorial do Holocausto da Escola Crist\u00e3 Verbo Vivo, of Sao Joaquim de Bicas, Brazil.<\/p>\n<p>Our dear Ben Abraham passed away on October the 9th, 2015. We have been witnesses of his inexhaustible fight for the preservation of the memory of the Holocaust, a mission which he embraced while still a prisoner in concentration camps, and which he fulfilled until the end of his life. We are fully committed to continuing his work.<\/p>\n<p>We are very grateful for the moments when we had the honor of listening to him and learn with him and with Mrs. Miriam. We will certainly keep a sweet remembrance of his valiant, indefatigable man who has unflinchingly pursued a noble ideal. May his example endure through time.<\/p>\n<\/p><\/div>\n<\/p><\/div>\n<\/p><\/div>\n<\/section>\n","protected":false},"excerpt":{"rendered":"<p>This is an international research project, aimed at documenting the life and the work of Holocaust survivors Ben Abraham and Miriam Nekrycz. This project is a the result of joined work of the Word of Faith Christian School Holocaust Museum, Spindale, USA, the Memorial do Holocausto do Col\u00e9gio Crist\u00e3o Rhema, Franco da Rocha, Brazil, and &hellip;<\/p>\n","protected":false},"author":3,"featured_media":0,"parent":0,"menu_order":5,"comment_status":"closed","ping_status":"closed","template":"template-builder.php","meta":{"footnotes":""},"class_list":["post-31","page","type-page","status-publish","hentry"],"_links":{"self":[{"href":"https:\/\/benabraham.org\/en\/wp-json\/wp\/v2\/pages\/31","targetHints":{"allow":["GET"]}}],"collection":[{"href":"https:\/\/benabraham.org\/en\/wp-json\/wp\/v2\/pages"}],"about":[{"href":"https:\/\/benabraham.org\/en\/wp-json\/wp\/v2\/types\/page"}],"author":[{"embeddable":true,"href":"https:\/\/benabraham.org\/en\/wp-json\/wp\/v2\/users\/3"}],"replies":[{"embeddable":true,"href":"https:\/\/benabraham.org\/en\/wp-json\/wp\/v2\/comments?post=31"}],"version-history":[{"count":1,"href":"https:\/\/benabraham.org\/en\/wp-json\/wp\/v2\/pages\/31\/revisions"}],"predecessor-version":[{"id":1055,"href":"https:\/\/benabraham.org\/en\/wp-json\/wp\/v2\/pages\/31\/revisions\/1055"}],"wp:attachment":[{"href":"https:\/\/benabraham.org\/en\/wp-json\/wp\/v2\/media?parent=31"}],"curies":[{"name":"wp","href":"https:\/\/api.w.org\/{rel}","templated":true}]}}