{"id":33,"date":"2015-03-29T00:40:54","date_gmt":"2015-03-29T00:40:54","guid":{"rendered":"http:\/\/benabraham.org\/en\/?page_id=33"},"modified":"2016-07-24T18:19:55","modified_gmt":"2016-07-24T18:19:55","slug":"site-sources","status":"publish","type":"page","link":"https:\/\/benabraham.org\/en\/site-sources\/","title":{"rendered":"Sources"},"content":{"rendered":"<section id=\"builder-section-1448072340573\" class=\"builder-section builder-section-first builder-section-text builder-section-last builder-text-columns-1\" style=\"\">\n<div class=\"builder-section-content\">\n<div class=\"builder-text-column builder-text-column-1\" id=\"builder-section-1448072340573-column-1\">\n<div class=\"builder-text-content\">\n<p>The main sources for the written content of this website are the books written by Ben Abraham and his wife Miriam Nekrycz, as well as recorded interviews with the couple.<\/p>\n<p>The art pieces in this website have been produced by students and alumni of the Word of Faith Christian School, Spindale, USA, the Col\u00e9gio Crist\u00e3o Rhema, Franco da Rocha, Brazil, and the Escola Crist\u00e3 Verbo Vivo, S\u00e3o Joaquim de Bicas, Brazil.<\/p>\n<p>The paintings reproduce original images, secured from reliable historical sources, such as:<\/p>\n<p><a href=\"http:\/\/www.yadvashem.org\/\">The Yad Vashem Museum<\/a> in Jerusalem, Israel<\/p>\n<p><a href=\"http:\/\/www.ushmm.org\/\">The United States Holocaust Memorial Museum<\/a>, em Washington, Estados Unidos<\/p>\n<p><a href=\"http:\/\/auschwitz.org\/en\/\">The Auschwitz-Birkenau Memorial Museum<\/a>, O\u015bwi\u0119cim, Pol\u00f4nia<\/p>\n<p>Other paintings reproduce images from the personal files of Ben Abraham and Miriam Nekrycz.<\/p>\n<p>The pieces displayed in this website have been chosen to bear witness to the History and the evidence of the Holocaust of the Jewish people, besides illustrating the story of Ben Abraham and Miriam Nekrycz.<\/p>\n<p>The books used as main sources for the written content were:<\/p>\n<table>\n<tbody>\n<tr>\n<td width=\"109\"><strong>Year of Publication<\/strong><\/td>\n<td width=\"168\"><strong>Title in Portuguese<\/strong><\/td>\n<td width=\"249\"><strong>Translation of the Title<\/strong><\/td>\n<td width=\"205\"><strong>Author<\/strong><\/td>\n<\/tr>\n<tr>\n<td width=\"109\">1972<\/td>\n<td width=\"168\">&#8230; e o mundo silenciou.<\/td>\n<td width=\"249\">&#8230; and the world remained silent.<\/td>\n<td width=\"205\">Ben Abraham<\/td>\n<\/tr>\n<tr>\n<td width=\"109\">1990<\/td>\n<td width=\"168\">Di\u00e1rio de um Rep\u00f3rter<\/td>\n<td width=\"249\">Diary of a Reporter<\/td>\n<td width=\"205\">Ben Abraham<\/td>\n<\/tr>\n<tr>\n<td width=\"109\">1992<\/td>\n<td width=\"168\">De Vars\u00f3via a Entebbe<\/td>\n<td width=\"249\">From Warsaw to Entebbe<\/td>\n<td width=\"205\">Ben Abraham<\/td>\n<\/tr>\n<tr>\n<td width=\"109\">1993<\/td>\n<td width=\"168\">Mengele \u2013 A Verdade Veio \u00e0 Tona<\/td>\n<td width=\"249\">Mengele \u2013 Truth Exposed<\/td>\n<td width=\"205\">Ben Abraham<\/td>\n<\/tr>\n<tr>\n<td width=\"109\">1995<\/td>\n<td width=\"168\">Relato de uma Vida<\/td>\n<td width=\"249\">Account of a life<\/td>\n<td width=\"205\">Miriam Nekrycz<\/td>\n<\/tr>\n<tr>\n<td width=\"109\">1996<\/td>\n<td width=\"168\">Mem\u00f3rias \u2013 Retrospectivas dos Fatos<\/td>\n<td width=\"249\">Memories \u2013 Retrospective of the Facts<\/td>\n<td width=\"205\">Ben Abraham<\/td>\n<\/tr>\n<\/tbody>\n<\/table>\n<p>All artistic images in this website are copyrighted to the Word of Faith Christian School Holocaust Museum, to the Memorial do Holocausto da Escola Crist\u00e3 Verbo Vivo, to the Memorial do Holocausto do Col\u00e9gio Crist\u00e3o Rhema, and to the to the Memorial do Holocausto da Escola Crist\u00e3 Verbo Vivo. <\/p>\n<p>The photographs in this website are copyrighted to Ben Abraham e Miriam Nekrycz.<\/p>\n<\/p><\/div>\n<\/p><\/div>\n<\/p><\/div>\n<\/section>\n","protected":false},"excerpt":{"rendered":"<p>The main sources for the written content of this website are the books written by Ben Abraham and his wife Miriam Nekrycz, as well as recorded interviews with the couple. The art pieces in this website have been produced by students and alumni of the Word of Faith Christian School, Spindale, USA, the Col\u00e9gio Crist\u00e3o &hellip;<\/p>\n","protected":false},"author":3,"featured_media":0,"parent":0,"menu_order":6,"comment_status":"closed","ping_status":"closed","template":"template-builder.php","meta":{"footnotes":""},"class_list":["post-33","page","type-page","status-publish","hentry"],"_links":{"self":[{"href":"https:\/\/benabraham.org\/en\/wp-json\/wp\/v2\/pages\/33","targetHints":{"allow":["GET"]}}],"collection":[{"href":"https:\/\/benabraham.org\/en\/wp-json\/wp\/v2\/pages"}],"about":[{"href":"https:\/\/benabraham.org\/en\/wp-json\/wp\/v2\/types\/page"}],"author":[{"embeddable":true,"href":"https:\/\/benabraham.org\/en\/wp-json\/wp\/v2\/users\/3"}],"replies":[{"embeddable":true,"href":"https:\/\/benabraham.org\/en\/wp-json\/wp\/v2\/comments?post=33"}],"version-history":[{"count":1,"href":"https:\/\/benabraham.org\/en\/wp-json\/wp\/v2\/pages\/33\/revisions"}],"predecessor-version":[{"id":1056,"href":"https:\/\/benabraham.org\/en\/wp-json\/wp\/v2\/pages\/33\/revisions\/1056"}],"wp:attachment":[{"href":"https:\/\/benabraham.org\/en\/wp-json\/wp\/v2\/media?parent=33"}],"curies":[{"name":"wp","href":"https:\/\/api.w.org\/{rel}","templated":true}]}}