{"id":43,"date":"2015-03-29T01:00:46","date_gmt":"2015-03-29T01:00:46","guid":{"rendered":"http:\/\/benabraham.org\/en\/?page_id=43"},"modified":"2016-04-22T19:52:04","modified_gmt":"2016-04-22T19:52:04","slug":"awards-and-honors","status":"publish","type":"page","link":"https:\/\/benabraham.org\/en\/awards-and-honors\/","title":{"rendered":"Awards and Honors"},"content":{"rendered":"<p>List of awards:<\/p>\n<ul>\n<li>The Medal of Anchieta, by the City Council of S\u00e3o Paulo, 1980.<\/li>\n<li>Diploma of Gratitude, by the City Council of S\u00e3o Paulo, Brazil, 1980.<\/li>\n<li>Honorary Citizenship, by the City Council of S\u00e3o Paulo, Brazil, 1982.<\/li>\n<li>Diploma of Recognition, by the State of S\u00e3o Paulo, Brazil, 1983.<\/li>\n<li>Yad Vashem Diploma and Medal, by the Sherit Hapleita Brazil, 1984.<\/li>\n<li>Honorary Citizenship, by the City Council of Natal, Brazil, 1993.<\/li>\n<li>Honorary Citizenship, by the State of Rio Grande do Norte, Brazil, 1994.<\/li>\n<li>Honorary Citizenship, by the City Council of Mossor\u00f3, Brazil, 1995.<\/li>\n<li>The Memorial Medal, by the Association of Disabled Veterans of the War Against Nazism, Israel, 1995.<\/li>\n<li>Certificate of Congratulations, by the City Council of Sorocaba, Brazil, 1997.<\/li>\n<li>The Memorial Medal, by the World Federation of Jewish Fighters, Partisans and Camp Inmates, 50th Anniversary of the State of Israel, 1998.<\/li>\n<li>Vow of Praise, by the City Council of Curitiba, Brazil, 1998.<\/li>\n<li>Honorary Citizenship, by the City Council of Jo\u00e3o Pessoa, Brazil, 1998.<\/li>\n<li>Honorary Citizenship, by the City of Curitiba, Brazil, 1999.<\/li>\n<li>Diploma, by the City Council of S\u00e3o Paulo, Brazil, 2004.<\/li>\n<li>Diploma, by the Center of Education and Instruction of the Fire Department, S\u00e3o Paulo, Brazil, 2004.<\/li>\n<li>Certificate, by the The Polish Underground Movement (1939-1945) Study Trust, 2005.<\/li>\n<li>Doctor Honoris Causa, by the Jales University Center, Brazil, 2005.<\/li>\n<li>The Medal of Honor of Merity, by the University of S\u00e3o Paulo, 2005.<\/li>\n<li>Dyplom Medaly &#8220;Pro Memoria&#8221;, by the Civil War Veterans and Prisoners, Poland, 2005.<\/li>\n<li>Paul Donovan Kigar Prize, by the Association of Friends and Residents of the Green Belt of S\u00e3o Paulo, Brazil, 2012.<\/li>\n<li>The Golden Key, by the Yad Vashem Museum, Israel, 1978.<\/li>\n<li>Certificate of Recognition, by the Keren Hayesod, Israel.<\/li>\n<\/ul>\n<p>&nbsp;<\/p>\n","protected":false},"excerpt":{"rendered":"<p>List of awards: The Medal of Anchieta, by the City Council of S\u00e3o Paulo, 1980. Diploma of Gratitude, by the City Council of S\u00e3o Paulo, Brazil, 1980. Honorary Citizenship, by the City Council of S\u00e3o Paulo, Brazil, 1982. Diploma of Recognition, by the State of S\u00e3o Paulo, Brazil, 1983. Yad Vashem Diploma and Medal, by &hellip;<\/p>\n","protected":false},"author":3,"featured_media":0,"parent":0,"menu_order":8,"comment_status":"closed","ping_status":"closed","template":"","meta":{"footnotes":""},"class_list":["post-43","page","type-page","status-publish","hentry"],"_links":{"self":[{"href":"https:\/\/benabraham.org\/en\/wp-json\/wp\/v2\/pages\/43","targetHints":{"allow":["GET"]}}],"collection":[{"href":"https:\/\/benabraham.org\/en\/wp-json\/wp\/v2\/pages"}],"about":[{"href":"https:\/\/benabraham.org\/en\/wp-json\/wp\/v2\/types\/page"}],"author":[{"embeddable":true,"href":"https:\/\/benabraham.org\/en\/wp-json\/wp\/v2\/users\/3"}],"replies":[{"embeddable":true,"href":"https:\/\/benabraham.org\/en\/wp-json\/wp\/v2\/comments?post=43"}],"version-history":[{"count":1,"href":"https:\/\/benabraham.org\/en\/wp-json\/wp\/v2\/pages\/43\/revisions"}],"predecessor-version":[{"id":1035,"href":"https:\/\/benabraham.org\/en\/wp-json\/wp\/v2\/pages\/43\/revisions\/1035"}],"wp:attachment":[{"href":"https:\/\/benabraham.org\/en\/wp-json\/wp\/v2\/media?parent=43"}],"curies":[{"name":"wp","href":"https:\/\/api.w.org\/{rel}","templated":true}]}}