{"id":653,"date":"2015-04-27T03:44:42","date_gmt":"2015-04-27T03:44:42","guid":{"rendered":"http:\/\/benabraham.org\/en\/?page_id=653"},"modified":"2016-07-18T23:13:03","modified_gmt":"2016-07-18T23:13:03","slug":"art-gallery","status":"publish","type":"page","link":"https:\/\/benabraham.org\/en\/art-gallery\/","title":{"rendered":"History Gallery"},"content":{"rendered":"<section id=\"builder-section-1430504615149\" class=\"builder-section builder-section-first builder-section-text builder-section-next-gallery builder-text-columns-1\" style=\"\">\n<div class=\"builder-section-content\">\n<div class=\"builder-text-column builder-text-column-1\" id=\"builder-section-1430504615149-column-1\">\n<div class=\"builder-text-content\">\n<p>\u00a0<\/p>\n<p>The art pieces in this website have been produced by students and alumni of the Word of Faith Christian School, Spindale, USA, and the Col\u00e9gio Crist\u00e3o Rhema, Franco da Rocha, Brazil.<\/p>\n<p>The paintings reproduce original images, secured from reliable historical sources, such as:<\/p>\n<p><a href=\"http:\/\/www.yadvashem.org\/\">The Yad Vashem Museum<\/a> in Jerusalem, Israel<\/p>\n<p><a href=\"http:\/\/www.ushmm.org\/\">The United States Holocaust Memorial Museum<\/a>, Washington, Estados Unidos<\/p>\n<p><a href=\"http:\/\/auschwitz.org\/en\/\">The Auschwitz-Birkenau Memorial Museum<\/a>, O\u015bwi\u0119cim, Pol\u00f4nia<\/p>\n<p>Other paintings reproduce images from the personal files of Ben Abraham and Miriam Necrycz.<\/p>\n<p>The pieces displayed in this website have been chosen to tell the story and to bear witness to the history and the evidence of the Holocaust of the Jewish people, besides illustrating the story of Ben Abraham and Miriam Necrycz.<\/p>\n<p>The gallery bellow is organized according to historical themes of pre and post war times.<\/p>\n<\/p><\/div>\n<\/p><\/div>\n<\/p><\/div>\n<\/section>\n<section id=\"builder-section-1430106192563\" class=\"builder-section builder-section-prev-text builder-section-gallery builder-section-next-gallery builder-gallery-columns-4 builder-gallery-captions-reveal builder-gallery-captions-dark builder-gallery-aspect-square\" style=\"\">\n<h3 class=\"builder-gallery-section-title\">\n\t\tNazi Occupation, Deportation and Ghettoization\t<\/h3>\n<div class=\"builder-section-content\">\n<div class=\"builder-gallery-item has-link\" onclick=\"window.location.href = 'http:\/\/benabraham.org\/en\/jewish-forced-laborers\/';\">\n<figure class=\"builder-gallery-image\" style=\"background-image: url(&#039;http:\/\/benabraham.org\/en\/directory\/uploads\/2015\/04\/forced-laborers.png&#039;);\"><\/figure>\n<div class=\"builder-gallery-content\">\n<div class=\"builder-gallery-content-inner\">\n<h4 class=\"builder-gallery-title\">\n\t\t\t\t\t\tJewish Forced Laborers\t\t\t\t\t<\/h4>\n<\/p><\/div>\n<\/p><\/div>\n<\/p><\/div>\n<div class=\"builder-gallery-item has-link last-2\" onclick=\"window.location.href = 'http:\/\/benabraham.org\/en\/rabbi-shalom-yosef-elyashiv\/';\">\n<figure class=\"builder-gallery-image\" style=\"background-image: url(&#039;http:\/\/benabraham.org\/en\/directory\/uploads\/2015\/05\/rabi.jpg&#039;);\"><\/figure>\n<div class=\"builder-gallery-content\">\n<div class=\"builder-gallery-content-inner\">\n<h4 class=\"builder-gallery-title\">\n\t\t\t\t\t\tRabbi Shalom Yosef Elyashiv\t\t\t\t\t<\/h4>\n<\/p><\/div>\n<\/p><\/div>\n<\/p><\/div>\n<div class=\"builder-gallery-item has-link\" onclick=\"window.location.href = 'http:\/\/benabraham.org\/en\/deportation-of-jews\/';\">\n<figure class=\"builder-gallery-image\" style=\"background-image: url(&#039;http:\/\/benabraham.org\/en\/directory\/uploads\/2015\/04\/deportation.jpg&#039;);\"><\/figure>\n<div class=\"builder-gallery-content\">\n<div class=\"builder-gallery-content-inner\">\n<h4 class=\"builder-gallery-title\">\n\t\t\t\t\t\tDeportation of Jews\t\t\t\t\t<\/h4>\n<\/p><\/div>\n<\/p><\/div>\n<\/p><\/div>\n<div class=\"builder-gallery-item has-link last-4 last-2\" onclick=\"window.location.href = 'http:\/\/benabraham.org\/en\/in-the-lodz-ghetto\/a-street-in-the-lodz-ghetto\/';\">\n<figure class=\"builder-gallery-image\" style=\"background-image: url(&#039;http:\/\/benabraham.org\/en\/directory\/uploads\/2015\/04\/Lodz_gueto-1024x768.jpg&#039;);\"><\/figure>\n<div class=\"builder-gallery-content\">\n<div class=\"builder-gallery-content-inner\">\n<h4 class=\"builder-gallery-title\">\n\t\t\t\t\t\tA Street in the Lodz Ghetto\t\t\t\t\t<\/h4>\n<\/p><\/div>\n<\/p><\/div>\n<\/p><\/div>\n<div class=\"builder-gallery-item has-link\" onclick=\"window.location.href = 'http:\/\/benabraham.org\/en\/in-the-lodz-ghetto\/women-and-children-by-a-fence-in-the-lodz-ghetto\/';\">\n<figure class=\"builder-gallery-image\" style=\"background-image: url(&#039;http:\/\/benabraham.org\/en\/directory\/uploads\/2015\/04\/Mulheres-na-cerca-1024x777.jpg&#039;);\"><\/figure>\n<div class=\"builder-gallery-content\">\n<div class=\"builder-gallery-content-inner\">\n<h4 class=\"builder-gallery-title\">\n\t\t\t\t\t\tA Woman and Children by a Fence in the Lodz Ghetto\t\t\t\t\t<\/h4>\n<\/p><\/div>\n<\/p><\/div>\n<\/p><\/div>\n<div class=\"builder-gallery-item has-link last-2\" onclick=\"window.location.href = 'http:\/\/benabraham.org\/en\/in-the-lodz-ghetto\/children-eating-soup-in-the-lodz-ghetto\/';\">\n<figure class=\"builder-gallery-image\" style=\"background-image: url(&#039;http:\/\/benabraham.org\/en\/directory\/uploads\/2015\/04\/IMG_3591-1024x752.jpg&#039;);\"><\/figure>\n<div class=\"builder-gallery-content\">\n<div class=\"builder-gallery-content-inner\">\n<h4 class=\"builder-gallery-title\">\n\t\t\t\t\t\tChildren Eating Soup in the Lodz Ghetto\t\t\t\t\t<\/h4>\n<\/p><\/div>\n<\/p><\/div>\n<\/p><\/div>\n<div class=\"builder-gallery-item has-link\" onclick=\"window.location.href = 'http:\/\/benabraham.org\/en\/in-the-lodz-ghetto\/youth-running-with-a-torah\/';\">\n<figure class=\"builder-gallery-image\" style=\"background-image: url(&#039;http:\/\/benabraham.org\/en\/directory\/uploads\/2015\/04\/Lodz_jovem-com-torah-1024x760.jpg&#039;);\"><\/figure>\n<div class=\"builder-gallery-content\">\n<div class=\"builder-gallery-content-inner\">\n<h4 class=\"builder-gallery-title\">\n\t\t\t\t\t\tYouth Running with a Torah, Lodz Ghetto\t\t\t\t\t<\/h4>\n<\/p><\/div>\n<\/p><\/div>\n<\/p><\/div>\n<div class=\"builder-gallery-item has-link last-4 last-2\" onclick=\"window.location.href = 'http:\/\/benabraham.org\/en\/lodz-ghetto-model\/';\">\n<figure class=\"builder-gallery-image\" style=\"background-image: url(&#039;http:\/\/benabraham.org\/en\/directory\/uploads\/2015\/04\/lodz-ghetto-model.png&#039;);\"><\/figure>\n<div class=\"builder-gallery-content\">\n<div class=\"builder-gallery-content-inner\">\n<h4 class=\"builder-gallery-title\">\n\t\t\t\t\t\tLodz Ghetto, Model\t\t\t\t\t<\/h4>\n<\/p><\/div>\n<\/p><\/div>\n<\/p><\/div>\n<\/p><\/div>\n<\/section>\n<section id=\"builder-section-1430505943660\" class=\"builder-section builder-section-prev-gallery builder-section-gallery builder-section-next-gallery builder-gallery-columns-4 builder-gallery-captions-reveal builder-gallery-captions-dark builder-gallery-aspect-square\" style=\"\">\n<h3 class=\"builder-gallery-section-title\">\n\t\tAuschwitz Concentration Camp\t<\/h3>\n<div class=\"builder-section-content\">\n<div class=\"builder-gallery-item has-link\" onclick=\"window.location.href = 'http:\/\/benabraham.org\/en\/in-the-lodz-ghetto\/entrance-to-auschwitz-concentration-camp\/';\">\n<figure class=\"builder-gallery-image\" style=\"background-image: url(&#039;http:\/\/benabraham.org\/en\/directory\/uploads\/2015\/04\/Auchwitz_atual-1024x713.jpg&#039;);\"><\/figure>\n<div class=\"builder-gallery-content\">\n<div class=\"builder-gallery-content-inner\">\n<h4 class=\"builder-gallery-title\">\n\t\t\t\t\t\tEntrance Gate to Auschwitz\t\t\t\t\t<\/h4>\n<\/p><\/div>\n<\/p><\/div>\n<\/p><\/div>\n<div class=\"builder-gallery-item has-link last-2\" onclick=\"window.location.href = 'http:\/\/benabraham.org\/en\/auschwitz-and-labor-camps\/arrival-and-selection-at-auschwitz-birkenau-ii\/';\">\n<figure class=\"builder-gallery-image\" style=\"background-image: url(&#039;http:\/\/benabraham.org\/en\/directory\/uploads\/2015\/04\/arrival-at-auschwitz-ii.png&#039;);\"><\/figure>\n<div class=\"builder-gallery-content\">\n<div class=\"builder-gallery-content-inner\">\n<h4 class=\"builder-gallery-title\">\n\t\t\t\t\t\tArrival and Selection at Auschwitz II\t\t\t\t\t<\/h4>\n<\/p><\/div>\n<\/p><\/div>\n<\/p><\/div>\n<div class=\"builder-gallery-item has-link\" onclick=\"window.location.href = 'http:\/\/benabraham.org\/en\/auschwitz-uniform\/';\">\n<figure class=\"builder-gallery-image\" style=\"background-image: url(&#039;http:\/\/benabraham.org\/en\/directory\/uploads\/2015\/05\/uniforme-de-auschwitz.jpg&#039;);\"><\/figure>\n<div class=\"builder-gallery-content\">\n<div class=\"builder-gallery-content-inner\">\n<h4 class=\"builder-gallery-title\">\n\t\t\t\t\t\tAuschwitz Uniform\t\t\t\t\t<\/h4>\n<\/p><\/div>\n<\/p><\/div>\n<\/p><\/div>\n<div class=\"builder-gallery-item has-link last-4 last-2\" onclick=\"window.location.href = 'http:\/\/benabraham.org\/en\/uniform-with-color-codes\/';\">\n<figure class=\"builder-gallery-image\" style=\"background-image: url(&#039;http:\/\/benabraham.org\/en\/directory\/uploads\/2015\/05\/uniform-with-color-codes.jpg&#039;);\"><\/figure>\n<div class=\"builder-gallery-content\">\n<div class=\"builder-gallery-content-inner\">\n<h4 class=\"builder-gallery-title\">\n\t\t\t\t\t\tColor-coded Uniforms\t\t\t\t\t<\/h4>\n<\/p><\/div>\n<\/p><\/div>\n<\/p><\/div>\n<\/p><\/div>\n<\/section>\n<section id=\"builder-section-1430506233280\" class=\"builder-section builder-section-prev-gallery builder-section-gallery builder-section-next-gallery builder-gallery-columns-4 builder-gallery-captions-reveal builder-gallery-captions-light builder-gallery-aspect-square\" style=\"\">\n<h3 class=\"builder-gallery-section-title\">\n\t\tResistance and Liberation\t<\/h3>\n<div class=\"builder-section-content\">\n<div class=\"builder-gallery-item has-link\" onclick=\"window.location.href = 'http:\/\/benabraham.org\/en\/partisan-sabotaging-railway-boris-jochai\/';\">\n<figure class=\"builder-gallery-image\" style=\"background-image: url(&#039;http:\/\/benabraham.org\/en\/directory\/uploads\/2015\/04\/partisan.png&#039;);\"><\/figure>\n<div class=\"builder-gallery-content\">\n<div class=\"builder-gallery-content-inner\">\n<h4 class=\"builder-gallery-title\">\n\t\t\t\t\t\tPartisan Sabotaging Railway: Boris Jochai\t\t\t\t\t<\/h4>\n<\/p><\/div>\n<\/p><\/div>\n<\/p><\/div>\n<div class=\"builder-gallery-item has-link last-2\" onclick=\"window.location.href = 'http:\/\/benabraham.org\/en\/zivia-lubetkin\/';\">\n<figure class=\"builder-gallery-image\" style=\"background-image: url(&#039;http:\/\/benabraham.org\/en\/directory\/uploads\/2015\/04\/ZIVIA.jpg&#039;);\"><\/figure>\n<div class=\"builder-gallery-content\">\n<div class=\"builder-gallery-content-inner\">\n<h4 class=\"builder-gallery-title\">\n\t\t\t\t\t\tZivia Lubektin\t\t\t\t\t<\/h4>\n<\/p><\/div>\n<\/p><\/div>\n<\/p><\/div>\n<div class=\"builder-gallery-item has-link\" onclick=\"window.location.href = 'http:\/\/benabraham.org\/en\/aerial-evidence-why-wasnt-auschwitz-bombed\/';\">\n<figure class=\"builder-gallery-image\" style=\"background-image: url(&#039;http:\/\/benabraham.org\/en\/directory\/uploads\/2015\/05\/Aerial_Evidence__4f581486873bb.jpg&#039;);\"><\/figure>\n<div class=\"builder-gallery-content\">\n<div class=\"builder-gallery-content-inner\">\n<h4 class=\"builder-gallery-title\">\n\t\t\t\t\t\tWhy Wasn\u2019t Auschwitz Bombed?\t\t\t\t\t<\/h4>\n<\/p><\/div>\n<\/p><\/div>\n<\/p><\/div>\n<div class=\"builder-gallery-item has-link last-4 last-2\" onclick=\"window.location.href = 'http:\/\/benabraham.org\/en\/auschwitz-and-labor-camps\/the-liberation\/';\">\n<figure class=\"builder-gallery-image\" style=\"background-image: url(&#039;http:\/\/benabraham.org\/en\/directory\/uploads\/2015\/04\/Liberation.png&#039;);\"><\/figure>\n<div class=\"builder-gallery-content\">\n<div class=\"builder-gallery-content-inner\">\n<h4 class=\"builder-gallery-title\">\n\t\t\t\t\t\tThe Liberation\t\t\t\t\t<\/h4>\n<\/p><\/div>\n<\/p><\/div>\n<\/p><\/div>\n<\/p><\/div>\n<\/section>\n<section id=\"builder-section-1430507048092\" class=\"builder-section builder-section-prev-gallery builder-section-gallery builder-section-next-gallery builder-gallery-columns-4 builder-gallery-captions-reveal builder-gallery-captions-dark builder-gallery-aspect-square\" style=\"\">\n<h3 class=\"builder-gallery-section-title\">\n\t\tAftermath of the War\t<\/h3>\n<div class=\"builder-section-content\">\n<div class=\"builder-gallery-item has-link\" onclick=\"window.location.href = 'http:\/\/benabraham.org\/en\/franklin-d-roosevelt\/';\">\n<figure class=\"builder-gallery-image\" style=\"background-image: url(&#039;http:\/\/benabraham.org\/en\/directory\/uploads\/2015\/04\/roosevelt-679x1024.jpg&#039;);\"><\/figure>\n<div class=\"builder-gallery-content\">\n<div class=\"builder-gallery-content-inner\">\n<h4 class=\"builder-gallery-title\">\n\t\t\t\t\t\tFranklin D. Roosevelt\t\t\t\t\t<\/h4>\n<\/p><\/div>\n<\/p><\/div>\n<\/p><\/div>\n<div class=\"builder-gallery-item has-link last-2\" onclick=\"window.location.href = 'http:\/\/benabraham.org\/en\/boy-waiting-to-go-to-displaced-persons-camp\/';\">\n<figure class=\"builder-gallery-image\" style=\"background-image: url(&#039;http:\/\/benabraham.org\/en\/directory\/uploads\/2015\/04\/displaced-boy.jpg&#039;);\"><\/figure>\n<div class=\"builder-gallery-content\">\n<div class=\"builder-gallery-content-inner\">\n<h4 class=\"builder-gallery-title\">\n\t\t\t\t\t\tDisplaced Persons\u2019 Camps\t\t\t\t\t<\/h4>\n<\/p><\/div>\n<\/p><\/div>\n<\/p><\/div>\n<div class=\"builder-gallery-item has-link\" onclick=\"window.location.href = 'http:\/\/benabraham.org\/en\/the-joy-of-reunification\/';\">\n<figure class=\"builder-gallery-image\" style=\"background-image: url(&#039;http:\/\/benabraham.org\/en\/directory\/uploads\/2015\/04\/reunification.jpg&#039;);\"><\/figure>\n<div class=\"builder-gallery-content\">\n<div class=\"builder-gallery-content-inner\">\n<h4 class=\"builder-gallery-title\">\n\t\t\t\t\t\tThe Joy of Reunification\t\t\t\t\t<\/h4>\n<\/p><\/div>\n<\/p><\/div>\n<\/p><\/div>\n<div class=\"builder-gallery-item last-4 last-2\" onclick=\"return false;\">\n\t\t\t\t\t\t\t\t\t\t\t<\/div>\n<\/p><\/div>\n<\/section>\n<section id=\"builder-section-1430507241770\" class=\"builder-section builder-section-prev-gallery builder-section-gallery builder-section-next-gallery builder-gallery-columns-4 builder-gallery-captions-reveal builder-gallery-captions-dark builder-gallery-aspect-square\" style=\"\">\n<h3 class=\"builder-gallery-section-title\">\n\t\tImmigration from Europe and Israel&#8217;s Statehood\t<\/h3>\n<div class=\"builder-section-content\">\n<div class=\"builder-gallery-item has-link\" onclick=\"window.location.href = 'http:\/\/benabraham.org\/en\/hard-work-in-israel\/the-exodus-ship\/';\">\n<figure class=\"builder-gallery-image\" style=\"background-image: url(&#039;http:\/\/benabraham.org\/en\/directory\/uploads\/2015\/04\/Exodus-ship.-Oil-painting..png&#039;);\"><\/figure>\n<div class=\"builder-gallery-content\">\n<div class=\"builder-gallery-content-inner\">\n<h4 class=\"builder-gallery-title\">\n\t\t\t\t\t\tExodus Ship\t\t\t\t\t<\/h4>\n<\/p><\/div>\n<\/p><\/div>\n<\/p><\/div>\n<div class=\"builder-gallery-item has-link last-2\" onclick=\"window.location.href = 'http:\/\/benabraham.org\/en\/?p=478';\">\n<figure class=\"builder-gallery-image\" style=\"background-image: url(&#039;http:\/\/benabraham.org\/en\/directory\/uploads\/2015\/04\/To_Palestine_4f768965898ef.jpg&#039;);\"><\/figure>\n<div class=\"builder-gallery-content\">\n<div class=\"builder-gallery-content-inner\">\n<h4 class=\"builder-gallery-title\">\n\t\t\t\t\t\tGoing to Eretz Israel\t\t\t\t\t<\/h4>\n<\/p><\/div>\n<\/p><\/div>\n<\/p><\/div>\n<div class=\"builder-gallery-item has-link\" onclick=\"window.location.href = 'http:\/\/benabraham.org\/en\/maapilim-from-buchenwald\/';\">\n<figure class=\"builder-gallery-image\" style=\"background-image: url(&#039;http:\/\/benabraham.org\/en\/directory\/uploads\/2015\/04\/going-home.png&#039;);\"><\/figure>\n<div class=\"builder-gallery-content\">\n<div class=\"builder-gallery-content-inner\">\n<h4 class=\"builder-gallery-title\">\n\t\t\t\t\t\tMaapilim from Buchenwald\t\t\t\t\t<\/h4>\n<\/p><\/div>\n<\/p><\/div>\n<\/p><\/div>\n<div class=\"builder-gallery-item has-link last-4 last-2\" onclick=\"window.location.href = 'http:\/\/benabraham.org\/en\/haganah-soldier-with-auschwitz-tatoo\/';\">\n<figure class=\"builder-gallery-image\" style=\"background-image: url(&#039;http:\/\/benabraham.org\/en\/directory\/uploads\/2015\/04\/haganah.png&#039;);\"><\/figure>\n<div class=\"builder-gallery-content\">\n<div class=\"builder-gallery-content-inner\">\n<h4 class=\"builder-gallery-title\">\n\t\t\t\t\t\tHaganah Soldier with Auschwitz Tatoo\t\t\t\t\t<\/h4>\n<\/p><\/div>\n<\/p><\/div>\n<\/p><\/div>\n<\/p><\/div>\n<\/section>\n<section id=\"builder-section-1430507538766\" class=\"builder-section builder-section-prev-gallery builder-section-gallery builder-section-last builder-gallery-columns-4 builder-gallery-captions-reveal builder-gallery-captions-dark builder-gallery-aspect-square\" style=\"\">\n<h3 class=\"builder-gallery-section-title\">\n\t\tLife in Brazil\t<\/h3>\n<div class=\"builder-section-content\">\n<div class=\"builder-gallery-item has-link\" onclick=\"window.location.href = 'http:\/\/benabraham.org\/en\/wife-miriam-necrycz\/brazil\/';\">\n<figure class=\"builder-gallery-image\" style=\"background-image: url(&#039;http:\/\/benabraham.org\/en\/directory\/uploads\/2015\/04\/Sobreviventes_Miriam-Nekricz-736x1024.jpg&#039;);\"><\/figure>\n<div class=\"builder-gallery-content\">\n<div class=\"builder-gallery-content-inner\">\n<h4 class=\"builder-gallery-title\">\n\t\t\t\t\t\tMiriam Necrycz in Brazil\t\t\t\t\t<\/h4>\n<\/p><\/div>\n<\/p><\/div>\n<\/p><\/div>\n<div class=\"builder-gallery-item has-link last-2\" onclick=\"window.location.href = 'http:\/\/benabraham.org\/en\/23-2\/and-the-world-remained-silent\/';\">\n<figure class=\"builder-gallery-image\" style=\"background-image: url(&#039;http:\/\/benabraham.org\/en\/directory\/uploads\/2015\/04\/Livro_e-o-mundo-silenciou.jpg&#039;);\"><\/figure>\n<div class=\"builder-gallery-content\">\n<div class=\"builder-gallery-content-inner\">\n<h4 class=\"builder-gallery-title\">\n\t\t\t\t\t\tCover of the Book\t\t\t\t\t<\/h4>\n<\/p><\/div>\n<\/p><\/div>\n<\/p><\/div>\n<div class=\"builder-gallery-item has-link\" onclick=\"window.location.href = 'http:\/\/benabraham.org\/en\/bibliography\/';\">\n<figure class=\"builder-gallery-image\" style=\"background-image: url(&#039;http:\/\/benabraham.org\/en\/directory\/uploads\/2015\/03\/Livro_Holocausto-1024x772.jpg&#039;);\"><\/figure>\n<div class=\"builder-gallery-content\">\n<div class=\"builder-gallery-content-inner\">\n<h4 class=\"builder-gallery-title\">\n\t\t\t\t\t\tCover of the Book\t\t\t\t\t<\/h4>\n<\/p><\/div>\n<\/p><\/div>\n<\/p><\/div>\n<div class=\"builder-gallery-item has-link last-4 last-2\" onclick=\"window.location.href = 'http:\/\/benabraham.org\/en\/journalistic-articles\/';\">\n<figure class=\"builder-gallery-image\" style=\"background-image: url(&#039;http:\/\/benabraham.org\/en\/directory\/uploads\/2015\/04\/Sobreviventes_Ben-escriv\u00e3o-752x1024.jpg&#039;);\"><\/figure>\n<div class=\"builder-gallery-content\">\n<div class=\"builder-gallery-content-inner\">\n<h4 class=\"builder-gallery-title\">\n\t\t\t\t\t\tBen Abraham &#8211; Journalistic Articles\t\t\t\t\t<\/h4>\n<\/p><\/div>\n<\/p><\/div>\n<\/p><\/div>\n<div class=\"builder-gallery-item has-link\" onclick=\"window.location.href = 'http:\/\/benabraham.org\/en\/directory\/uploads\/2015\/04\/casal-quadrado.jpg';\">\n<figure class=\"builder-gallery-image\" style=\"background-image: url(&#039;http:\/\/benabraham.org\/en\/directory\/uploads\/2015\/04\/casal-quadrado.jpg&#039;);\"><\/figure>\n<div class=\"builder-gallery-content\">\n<div class=\"builder-gallery-content-inner\">\n<h4 class=\"builder-gallery-title\">\n\t\t\t\t\t\tBen Abraham and Miriam Necrycz &#8211; Recent Photo\t\t\t\t\t<\/h4>\n<\/p><\/div>\n<\/p><\/div>\n<\/p><\/div>\n<\/p><\/div>\n<\/section>\n","protected":false},"excerpt":{"rendered":"<p>\u00a0 The art pieces in this website have been produced by students and alumni of the Word of Faith Christian School, Spindale, USA, and the Col\u00e9gio Crist\u00e3o Rhema, Franco da Rocha, Brazil. The paintings reproduce original images, secured from reliable historical sources, such as: The Yad Vashem Museum in Jerusalem, Israel The United States Holocaust &hellip;<\/p>\n","protected":false},"author":3,"featured_media":0,"parent":0,"menu_order":0,"comment_status":"closed","ping_status":"closed","template":"template-builder.php","meta":{"footnotes":""},"class_list":["post-653","page","type-page","status-publish","hentry"],"_links":{"self":[{"href":"https:\/\/benabraham.org\/en\/wp-json\/wp\/v2\/pages\/653","targetHints":{"allow":["GET"]}}],"collection":[{"href":"https:\/\/benabraham.org\/en\/wp-json\/wp\/v2\/pages"}],"about":[{"href":"https:\/\/benabraham.org\/en\/wp-json\/wp\/v2\/types\/page"}],"author":[{"embeddable":true,"href":"https:\/\/benabraham.org\/en\/wp-json\/wp\/v2\/users\/3"}],"replies":[{"embeddable":true,"href":"https:\/\/benabraham.org\/en\/wp-json\/wp\/v2\/comments?post=653"}],"version-history":[{"count":2,"href":"https:\/\/benabraham.org\/en\/wp-json\/wp\/v2\/pages\/653\/revisions"}],"predecessor-version":[{"id":1044,"href":"https:\/\/benabraham.org\/en\/wp-json\/wp\/v2\/pages\/653\/revisions\/1044"}],"wp:attachment":[{"href":"https:\/\/benabraham.org\/en\/wp-json\/wp\/v2\/media?parent=653"}],"curies":[{"name":"wp","href":"https:\/\/api.w.org\/{rel}","templated":true}]}}