{"id":104,"date":"2015-04-01T01:36:25","date_gmt":"2015-04-01T01:36:25","guid":{"rendered":"http:\/\/benabraham.org\/en\/?page_id=104"},"modified":"2015-05-26T17:20:50","modified_gmt":"2015-05-26T17:20:50","slug":"artigos-jornalisticos","status":"publish","type":"page","link":"https:\/\/benabraham.org\/pt-br\/artigos-jornalisticos\/","title":{"rendered":"Artigos Jornal\u00edsticos"},"content":{"rendered":"<figure id=\"attachment_332\" aria-describedby=\"caption-attachment-332\" style=\"width: 300px\" class=\"wp-caption alignleft\"><a href=\"http:\/\/benabraham.org\/en\/directory\/uploads\/2015\/04\/Sobreviventes_Ben-escriv\u00e3o.jpg\"><img loading=\"lazy\" decoding=\"async\" class=\"wp-image-332\" src=\"http:\/\/benabraham.org\/en\/directory\/uploads\/2015\/04\/Sobreviventes_Ben-escriv\u00e3o-220x300.jpg\" alt=\"Sobreviventes_Ben escriv\u00e3o\" width=\"300\" height=\"409\" srcset=\"https:\/\/benabraham.org\/en\/directory\/uploads\/2015\/04\/Sobreviventes_Ben-escriv\u00e3o-220x300.jpg 220w, https:\/\/benabraham.org\/en\/directory\/uploads\/2015\/04\/Sobreviventes_Ben-escriv\u00e3o-752x1024.jpg 752w, https:\/\/benabraham.org\/en\/directory\/uploads\/2015\/04\/Sobreviventes_Ben-escriv\u00e3o.jpg 1432w\" sizes=\"auto, (max-width: 300px) 100vw, 300px\" \/><\/a><figcaption id=\"caption-attachment-332\" class=\"wp-caption-text\">Ben Abraham com sua m\u00e1quina de escrever. (Pintura a \u00f3leo).<\/figcaption><\/figure>\n<p>Ben Abraham trabalhou como jornalista por mais de 20 anos. Sua obra abrangeu v\u00e1rios assuntos, desde Pol\u00edtica Internacional at\u00e9 o sistema penintenci\u00e1rio do Brasil. Escreveu cerca de 3.000 artigos, os quais foram publicados por v\u00e1rios ve\u00edculos de comunica\u00e7\u00e3o brasileiros. A maioria deles foi publicada pelo jornal <em>Folha da Tarde,<\/em> di\u00e1rio nacional no qual ele tinha uma coluna. Mas seu trabalho tamb\u00e9m foi publicado por revistas judaicas, bem como por alguns ve\u00edculos da m\u00eddia internacional.<\/p>\n<p>\u00c9 importante notar que sua obra foi escrita da perspectiva do anos 1970 e 1980, e portanto expressam o ponto de vista daquele momento hist\u00f3rico. Isso deve ser levado em considera\u00e7\u00e3o especialmente no caso dos artigos sobre Israel e o Oriente M\u00e9dio. Ademais, os artigos sobre Analises Pol\u00edticas, a Uni\u00e3o Sovi\u00e9tica, China e outros assuntos s\u00e3o uma grande fonte de estudo hist\u00f3rico do per\u00edodo da Guerra Fria.<\/p>\n<p>Em seu livro &#8220;Retrospectiva&#8221;, publicou alguns de seus artigos mais importantes, os quais podem ser divididos nos seguintes t\u00f3picos:<\/p>\n<p><a title=\"Holocaust-Related Themes\" href=\"http:\/\/benabraham.org\/pt-br\/journalistic-articles\/holocaust-related-themes\/\">Temas Relacionados ao Holocausto<\/a><br \/>\n<a title=\"International Politics\" href=\"http:\/\/benabraham.org\/pt-br\/journalistic-articles\/international-politics\/\">Pol\u00edtica Internacional<\/a><br \/>\n<a title=\"Brazilian Problems\" href=\"http:\/\/benabraham.org\/pt-br\/journalistic-articles\/brazilian-problems\/\">Problemas do Brasil<\/a><\/p>\n<p>Muitos de seus artigos demonstram as convic\u00e7\u00f5es constru\u00eddas a partir de sua experi\u00eancia de vida como sobrevivente do Holocausto.<\/p>\n","protected":false},"excerpt":{"rendered":"<p>Ben Abraham trabalhou como jornalista por mais de 20 anos. Sua obra abrangeu v\u00e1rios assuntos, desde Pol\u00edtica Internacional at\u00e9 o sistema penintenci\u00e1rio do Brasil. Escreveu cerca de 3.000 artigos, os quais foram publicados por v\u00e1rios ve\u00edculos de comunica\u00e7\u00e3o brasileiros. A maioria deles foi publicada pelo jornal Folha da Tarde, di\u00e1rio nacional no qual ele tinha &hellip;<\/p>\n","protected":false},"author":3,"featured_media":0,"parent":0,"menu_order":9,"comment_status":"closed","ping_status":"closed","template":"","meta":{"footnotes":""},"class_list":["post-104","page","type-page","status-publish","hentry"],"_links":{"self":[{"href":"https:\/\/benabraham.org\/pt-br\/wp-json\/wp\/v2\/pages\/104","targetHints":{"allow":["GET"]}}],"collection":[{"href":"https:\/\/benabraham.org\/pt-br\/wp-json\/wp\/v2\/pages"}],"about":[{"href":"https:\/\/benabraham.org\/pt-br\/wp-json\/wp\/v2\/types\/page"}],"author":[{"embeddable":true,"href":"https:\/\/benabraham.org\/pt-br\/wp-json\/wp\/v2\/users\/3"}],"replies":[{"embeddable":true,"href":"https:\/\/benabraham.org\/pt-br\/wp-json\/wp\/v2\/comments?post=104"}],"version-history":[{"count":1,"href":"https:\/\/benabraham.org\/pt-br\/wp-json\/wp\/v2\/pages\/104\/revisions"}],"predecessor-version":[{"id":1060,"href":"https:\/\/benabraham.org\/pt-br\/wp-json\/wp\/v2\/pages\/104\/revisions\/1060"}],"wp:attachment":[{"href":"https:\/\/benabraham.org\/pt-br\/wp-json\/wp\/v2\/media?parent=104"}],"curies":[{"name":"wp","href":"https:\/\/api.w.org\/{rel}","templated":true}]}}