{"id":1066,"date":"2015-10-12T02:38:31","date_gmt":"2015-10-12T02:38:31","guid":{"rendered":"http:\/\/benabraham.org\/pt-br\/?page_id=1066"},"modified":"2015-10-12T13:42:02","modified_gmt":"2015-10-12T13:42:02","slug":"links-externos","status":"publish","type":"page","link":"https:\/\/benabraham.org\/pt-br\/links-externos\/","title":{"rendered":"Links Externos"},"content":{"rendered":"<p>Os links abaixo fazem refer\u00eancia a Ben Abraham. Est\u00e3o em ordem cronol\u00f3gica.<\/p>\n<p><a href=\"http:\/\/Escritor Ben Abraham morre aos 90 anos\" target=\"_blank\">Escritor Ben Abraham morre aos 90 anos<\/a><br \/>\nGlobo.TV &#8211; 10\/10\/2015<\/p>\n<p><a href=\"http:\/\/www1.folha.uol.com.br\/mundo\/2015\/10\/1692675-ben-abraham-sobrevivente-do-holocausto-morre-aos-90-anos-em-sp.shtml\" target=\"_blank\">Ben Abraham, sobrevivente do Holocausto, morre aos 90 anos em SP<\/a><br \/>\nFolha de S. Paulo &#8211; 10\/10\/2015<\/p>\n<p><a href=\"http:\/\/www.gazetadopovo.com.br\/vida-e-cidadania\/ben-abraham-sobrevivente-do-holocausto-morre-aos-90-anos-em-sp-c71eqxz0q2nsqaxuc8ebwqtda\" target=\"_blank\">Ben Abraham, sobrevivente do holocausto, morre aos 90 anos em SP<\/a><br \/>\nGazeta do Povo &#8211; 10\/10\/2015<\/p>\n<p><a href=\"http:\/\/internacional.estadao.com.br\/noticias\/geral,sobrevivente-do-holocausto--ben-abraham-morre-em-sao-paulo,1777334\" target=\"_blank\">Sobrevivente do Holocausto, Ben Abra<\/a><a href=\"http:\/\/internacional.estadao.com.br\/noticias\/geral,sobrevivente-do-holocausto--ben-abraham-morre-em-sao-paulo,1777334\" target=\"_blank\">ham morre em S\u00e3o Paulo aos 90 anos<\/a><br \/>\nO Estado de S. Paulo &#8211; 09\/10\/2015<\/p>\n<p><a href=\"http:\/\/brasileiros.com.br\/2015\/10\/morre-em-sp-ben-abraham-sobreviventes-holocausto\/\" target=\"_blank\">Morre em SP Ben Abraham, sobrevivente do Holocausto<\/a><br \/>\nRevista Brasileiros &#8211; 09\/10\/2015<\/p>\n<p><a href=\"https:\/\/www.menorahnet.com.br\/morre-em-s-paulo-o-historiador-ben-abraham\/\" target=\"_blank\">Morre em S. Paulo o historiador Ben Abraham<\/a><br \/>\nMenorah Brasil &#8211; 09\/10\/2015<\/p>\n<p><a href=\"http:\/\/www.conib.org.br\/noticias\/3024\/descansou_aos_90_o_incansavel_ben_abraham_sobrevivente_da_shoa\" target=\"_blank\">Descansou aos 90 o incans\u00e1vel Ben Abraham, sobrevivente da Sho\u00e1<\/a><br \/>\nCONIB (Confedera\u00e7\u00e3o Israelita do Brasil) &#8211; 09\/10\/2015<\/p>\n<p><a href=\"http:\/\/ultimosegundo.ig.com.br\/mundo\/2015-01-27\/ainda-tenho-pesadelos-diz-sobrevivente-70-anos-apos-o-fim-do-holocausto.html\" target=\"_blank\">&#8220;Ainda tenho pesadelos&#8221;, diz sobrevivente 70 anos ap\u00f3s o fim do Holocausto<\/a><br \/>\niG S\u00e3o Paulo &#8211; 27\/01\/2015<\/p>\n<p><a href=\"http:\/\/sao-paulo.estadao.com.br\/noticias\/geral,ato-ecumenico-lembrara-vitimas-do-holocausto-imp-,989257\" target=\"_blank\">Ato ecum\u00eanico lembrar\u00e1 v\u00edtimas do Holocausto<\/a><br \/>\nEstad\u00e3o &#8211; 27\/01\/2013<\/p>\n<p><a href=\"http:\/\/www.usp.br\/cje\/babel\/exibir2.php?edicao_id=1&amp;materia_id=2\" target=\"_blank\">&#8220;Esse n\u00e3o \u00e9 Mengele&#8221;<\/a><br \/>\nRevista Babel &#8211; CJE \/ USP &#8211; 12\/2012<\/p>\n<p><a href=\"http:\/\/fotografia.folha.uol.com.br\/galerias\/6302-sobreviventes-do-holocausto\" target=\"_blank\">Sobreviventes do Holocausto que vivem no Brasil<\/a><br \/>\nFolha de S. Paulo &#8211; 27\/01\/2012<\/p>\n<p><a href=\"http:\/\/noticias.terra.com.br\/mundo\/o-holocausto-nunca-pode-ser-esquecido-diz-sobrevivente,e3a877519f7da310VgnCLD200000bbcceb0aRCRD.html\" target=\"_blank\">&#8220;O Holocausto nunca pode ser esquecido&#8221;, diz sobrevivente<\/a><br \/>\nTerra.com &#8211; 27\/01\/2012<\/p>\n<p><a href=\"https:\/\/www.youtube.com\/watch?v=eVO5ENLO-70\" target=\"_blank\">Entrevista com Ben Abraham<\/a><br \/>\nShalom Brasil &#8211; 17\/10\/2011<\/p>\n<p><a href=\"https:\/\/www.youtube.com\/watch?v=MgkHnV6XUrw\" target=\"_blank\">Coletiva Ben Abraham <\/a><br \/>\nTV O Povo &#8211; 16\/09\/2011<\/p>\n<p><a href=\"http:\/\/acritica.uol.com.br\/noticias\/Sobrevivente-holocauso-nazista-debates-Manaus_0_497350311.html\" target=\"_blank\">Sobrevivente do holocausto nazista faz ciclo de palestras em Manaus<\/a><br \/>\nA Cr\u00edtica &#8211; 11\/06\/2011<\/p>\n<p><a href=\"http:\/\/guiadoestudante.abril.com.br\/aventuras-historia\/confira-como-foi-fuga-medico-nazista-josef-mengele-america-sul-683551.shtml\" target=\"_blank\">Confira como foi a fuga do m\u00e9dico nazista Josef Mengele para a Am\u00e9rica do Sul<\/a><br \/>\nAventuras na Hist\u00f3ria &#8211; Guia do Estudante Abril &#8211; 01\/03\/2011<\/p>\n<p><a href=\"http:\/\/www.estadao.com.br\/noticias\/geral,sobrevivente-do-holocausto-lembra-horror-nazista-em-sp,672478\" target=\"_blank\">Sobrevivente do Holocausto lembra horror nazista em SP<\/a><br \/>\nEstad\u00e3o &#8211; 28\/01\/2011<\/p>\n<p><a href=\"http:\/\/veja.abril.com.br\/noticia\/brasil\/parana-inaugura-primeiro-museu-do-holocausto-do-brasil\" target=\"_blank\">Paran\u00e1 inaugura primeiro museu do holocausto do Brasil<\/a><br \/>\nVeja.com &#8211; 20\/01\/2011<\/p>\n<p><a href=\"http:\/\/rollingstone.uol.com.br\/edicao\/51\/nazismo-tropical#imagem1\" target=\"_blank\">Nazismo Tropical <\/a><br \/>\nRevista Rolling Stone &#8211; 12\/2010<\/p>\n<p><a href=\"http:\/\/www.redebrasilatual.com.br\/revistas\/42\/a-ferida-nao-cicatriza\" target=\"_blank\">A ferida n\u00e3o cicatriza<\/a><br \/>\nRede Brasil Atual &#8211; 12\/2009<\/p>\n<p><a href=\"http:\/\/g1.globo.com\/Noticias\/Economia_Negocios\/0,,MUL1389143-9356,00-AHMADINEJAD+E+RECEBIDO+NO+ITAMARATY+POR+MANIFESTANTES.html\" target=\"_blank\">Ahmadinejad \u00e9 recebido no Itamaraty por manifestantes <\/a><br \/>\nG1 &#8211; 23\/11\/2009<\/p>\n<p><a href=\"http:\/\/www1.folha.uol.com.br\/cotidiano\/2009\/04\/556573-marcha-para-relembrar-o-holocausto-e-protestar-contra-o-governo-do-ira-reune-mil-pessoas.shtml\" target=\"_blank\">Marcha para relembrar o Holocausto e protestar contra o governo do Ir\u00e3 re\u00fane mil pessoas<\/a><br \/>\nFolha de S. Paulo &#8211; 26\/04\/2009<\/p>\n<p><a href=\"http:\/\/www.morasha.com.br\/conteudo\/artigos\/artigos_view.asp?a=792&amp;p=0\" target=\"_blank\">Dia Internacional do Holocausto: Beit Yaacov recebe o Presidente Lula<\/a><br \/>\nRevista Morash\u00e1 &#8211; Edi\u00e7\u00e3o 64 &#8211; 04\/2009<\/p>\n<p><a href=\"http:\/\/noticias.universia.com.br\/destaque\/noticia\/2005\/08\/23\/465375\/usp-homenageia-ben-abraham-e-jose-mindlin.html\" target=\"_blank\">USP homenageia Ben Abraham e Jos\u00e9 Mindlin<\/a><br \/>\nUniversia Brasil &#8211; 23\/08\/2005<\/p>\n<p><a href=\"http:\/\/g1.globo.com\/jornalhoje\/0,,MUL1146766-16022,00-O+RELATO+DE+UM+SOBREVIVENTE.html\" target=\"_blank\">O relato de um sobrevivente<\/a><br \/>\nG1 &#8211; 27\/01\/2005<\/p>\n<p><a href=\"http:\/\/www1.folha.uol.com.br\/folha\/ilustrada\/ult90u11262.shtml\" target=\"_blank\">Vernissage traz debate sobre nazismo<\/a><br \/>\nFolha de S. Paulo &#8211; 06\/03\/2001<\/p>\n<p><a href=\"http:\/\/www.istoe.com.br\/reportagens\/33676_HISTORIA+MAL+CONTADA+\" target=\"_blank\">Hist\u00f3ria mal contada <\/a><br \/>\nRevista Isto\u00c9 Independente &#8211; 15\/03\/2000<\/p>\n<p><a href=\"http:\/\/www.istoe.com.br\/reportagens\/28930_A+SOMBRA+DA+SUASTICA+\" target=\"_blank\">\u00c0 sombra da su\u00e1stica<\/a><br \/>\nRevista Isto\u00c9 Independente &#8211; 08\/12\/1999<\/p>\n<p><a href=\"http:\/\/www1.folha.uol.com.br\/fsp\/cotidian\/ff14079812.htm\" target=\"_blank\">Menos do que 8, mais do que 80<\/a><br \/>\nFolha de S. Paulo &#8211; 14\/07\/1998<\/p>\n<p><a href=\"http:\/\/www1.folha.uol.com.br\/fsp\/1994\/3\/13\/cotidiano\/18.html\" target=\"_blank\">&#8216;Verdadeiro&#8217; Mengele morreu nos EUA em 1992, afirma historiador<\/a><br \/>\nFolha de S. Paulo &#8211; 14\/03\/1994<\/p>\n<p><a href=\"http:\/\/www.defensoria.sp.gov.br\/dpesp\/Default.aspx?idPagina=3439\" target=\"_blank\">Apresenta\u00e7\u00e3o do N\u00facleo Especializado de Combate a Discrimina\u00e7\u00e3o, Racismo e Preconceito.<\/a><br \/>\nDefensoria P\u00fablica do Estado de S\u00e3o Paulo &#8211; (Sem data).<\/p>\n","protected":false},"excerpt":{"rendered":"<p>Os links abaixo fazem refer\u00eancia a Ben Abraham. Est\u00e3o em ordem cronol\u00f3gica. Escritor Ben Abraham morre aos 90 anos Globo.TV &#8211; 10\/10\/2015 Ben Abraham, sobrevivente do Holocausto, morre aos 90 anos em SP Folha de S. Paulo &#8211; 10\/10\/2015 Ben Abraham, sobrevivente do holocausto, morre aos 90 anos em SP Gazeta do Povo &#8211; 10\/10\/2015 &hellip;<\/p>\n","protected":false},"author":3,"featured_media":0,"parent":0,"menu_order":0,"comment_status":"closed","ping_status":"closed","template":"","meta":{"footnotes":""},"class_list":["post-1066","page","type-page","status-publish","hentry"],"_links":{"self":[{"href":"https:\/\/benabraham.org\/pt-br\/wp-json\/wp\/v2\/pages\/1066","targetHints":{"allow":["GET"]}}],"collection":[{"href":"https:\/\/benabraham.org\/pt-br\/wp-json\/wp\/v2\/pages"}],"about":[{"href":"https:\/\/benabraham.org\/pt-br\/wp-json\/wp\/v2\/types\/page"}],"author":[{"embeddable":true,"href":"https:\/\/benabraham.org\/pt-br\/wp-json\/wp\/v2\/users\/3"}],"replies":[{"embeddable":true,"href":"https:\/\/benabraham.org\/pt-br\/wp-json\/wp\/v2\/comments?post=1066"}],"version-history":[{"count":2,"href":"https:\/\/benabraham.org\/pt-br\/wp-json\/wp\/v2\/pages\/1066\/revisions"}],"predecessor-version":[{"id":1353,"href":"https:\/\/benabraham.org\/pt-br\/wp-json\/wp\/v2\/pages\/1066\/revisions\/1353"}],"wp:attachment":[{"href":"https:\/\/benabraham.org\/pt-br\/wp-json\/wp\/v2\/media?parent=1066"}],"curies":[{"name":"wp","href":"https:\/\/api.w.org\/{rel}","templated":true}]}}