{"id":12,"date":"2015-03-29T00:20:50","date_gmt":"2015-03-29T00:20:50","guid":{"rendered":"http:\/\/benabraham.org\/en\/?page_id=12"},"modified":"2016-08-05T20:05:53","modified_gmt":"2016-08-05T20:05:53","slug":"home","status":"publish","type":"page","link":"https:\/\/benabraham.org\/pt-br\/","title":{"rendered":""},"content":{"rendered":"<section id=\"builder-section-1427857726721\" class=\"builder-section  builder-section-first builder-section-banner builder-section-next-text has-background\" style=\"background-color:#000000;\">\n<div class=\"builder-section-content cycle-slideshow\" data-cycle-log=\"false\" data-cycle-slides=\"div.builder-banner-slide\" data-cycle-swipe=\"true\" data-cycle-timeout=\"8000\">\n<div class=\"builder-banner-slide content-position-right\" style=\"background-image: url(&#039;http:\/\/benabraham.org\/en\/directory\/uploads\/2015\/04\/deportation.jpg&#039;);\">\n<div class=\"builder-banner-content\">\n<div class=\"builder-banner-inner-content\">\n<blockquote class=\"ttfmake-testimonial\">\n<h6><span style=\"color: #5e5653;\"><a href=\"http:\/\/benabraham.org\/pt-br\/?p=157\">&#8220;Certa noite, acordaram com gritos e batidas na porta&#8221;.<\/a><\/span><\/h6>\n<\/blockquote><\/div>\n<\/p><\/div>\n<\/p><\/div>\n<div class=\"builder-banner-slide content-position-right\" style=\"background-image: url(&#039;http:\/\/benabraham.org\/en\/directory\/uploads\/2015\/06\/Lodz_gueto-banner.jpg&#039;);\">\n<div class=\"builder-banner-content\">\n<div class=\"builder-banner-inner-content\">\n<blockquote class=\"ttfmake-testimonial\">\n<h6><span style=\"color: #4f6f62;\"><strong><a href=\"http:\/\/benabraham.org\/pt-br\/no-gueto-de-lodz\/\">&#8220;Os judeus seriam levados para o bairro mais sujo de Lodz&#8221;<\/a><a style=\"color: #4f6f62;\" href=\"http:\/\/benabraham.org\/pt-br\/no-gueto-de-lodz\/\">.<\/a><\/strong><\/span><\/h6>\n<\/blockquote><\/div>\n<\/p><\/div>\n<\/p><\/div>\n<div class=\"builder-banner-slide content-position-right\" style=\"background-image: url(&#039;http:\/\/benabraham.org\/en\/directory\/uploads\/2015\/04\/arrival-at-auschwitz-ii.png&#039;);\">\n<div class=\"builder-banner-content\">\n<div class=\"builder-banner-inner-content\">\n<blockquote class=\"ttfmake-testimonial\">\n<h6><span style=\"color: #5d616c;\"><strong><a href=\"http:\/\/benabraham.org\/pt-br\/?p=19\">&#8220;Mengele nada dizia: apenas apontava o dedo para a direita ou para a esquerda&#8221;.<\/a><\/strong><\/span><\/h6>\n<\/blockquote><\/div>\n<\/p><\/div>\n<\/p><\/div>\n<div class=\"builder-banner-slide content-position-right\" style=\"background-image: url(&#039;http:\/\/benabraham.org\/en\/directory\/uploads\/2015\/04\/displaced-boy.jpg&#039;);\">\n<div class=\"builder-banner-content\">\n<div class=\"builder-banner-inner-content\">\n<blockquote class=\"ttfmake-testimonial\">\n<h6><span style=\"color: #907063;\"><a href=\"http:\/\/benabraham.org\/pt-br\/?p=364\">&#8220;O que unia aquelas crian\u00e7as era seu tr\u00e1gico passado&#8221;.<\/a><\/span><\/h6>\n<\/blockquote><\/div>\n<\/p><\/div>\n<\/p><\/div>\n<div class=\"builder-banner-slide content-position-right\" style=\"background-image: url(&#039;http:\/\/benabraham.org\/en\/directory\/uploads\/2015\/04\/Exodus-ship.-Oil-painting..png&#039;);\">\n<div class=\"builder-banner-content\">\n<div class=\"builder-banner-inner-content\">\n<blockquote class=\"ttfmake-testimonial\">\n<h6><span style=\"color: #454449;\"><strong><a href=\"http:\/\/benabraham.org\/pt-br\/?p=1185\">&#8220;Mas nada foi t\u00e3o doloroso quanto ver os tr\u00eas maapilim mortos sendo retirados do navio&#8221;.<\/a><\/strong><\/span><\/h6>\n<\/blockquote><\/div>\n<\/p><\/div>\n<\/p><\/div>\n<div class=\"builder-banner-slide content-position-right\" style=\"background-image: url(&#039;http:\/\/benabraham.org\/en\/directory\/uploads\/2015\/03\/Auchwitz_atual-left-cropped.jpg&#039;);\">\n<div class=\"builder-banner-content\">\n<div class=\"builder-banner-inner-content\">\n<blockquote class=\"ttfmake-testimonial\">\n<p><span style=\"color: #993300;\"><small><a style=\"color: #993300;\" href=\"http:\/\/benabraham.org\/pt-br\/no-gueto-de-lodz\/entrada-do-campo-de-concentracao-de-auschwitz\/\">Trens trazendo prisioneiros de todas as partes da Europa entravam por esse port\u00e3o.<\/a> <\/small><\/span><\/p>\n<\/blockquote><\/div>\n<\/p><\/div>\n<\/p><\/div>\n<div class=\"cycle-prev\"><\/div>\n<div class=\"cycle-next\"><\/div>\n<div class=\"cycle-pager\"><\/div>\n<\/p><\/div>\n<\/section>\n<section id=\"builder-section-1427857782323\" class=\"builder-section builder-section-prev-banner builder-section-text builder-section-next-text builder-text-columns-1\" style=\"\">\n<div class=\"builder-section-content\">\n<div class=\"builder-text-column builder-text-column-1\" id=\"builder-section-1427857782323-column-1\">\n<div class=\"builder-text-content\">\n<figure id=\"attachment_998\" aria-describedby=\"caption-attachment-998\" style=\"width: 400px\" class=\"wp-caption alignleft\"><a href=\"http:\/\/benabraham.org\/en\/directory\/uploads\/2015\/03\/ben-and-miriam-at-the-yad-vashem-cropped1.jpg\"><img loading=\"lazy\" decoding=\"async\" class=\"wp-image-998\" src=\"http:\/\/benabraham.org\/en\/directory\/uploads\/2015\/03\/ben-and-miriam-at-the-yad-vashem-cropped1-278x300.jpg\" alt=\"\" width=\"400\" height=\"431\" srcset=\"https:\/\/benabraham.org\/en\/directory\/uploads\/2015\/03\/ben-and-miriam-at-the-yad-vashem-cropped1-278x300.jpg 278w, https:\/\/benabraham.org\/en\/directory\/uploads\/2015\/03\/ben-and-miriam-at-the-yad-vashem-cropped1.jpg 891w\" sizes=\"auto, (max-width: 400px) 100vw, 400px\" \/><\/a><figcaption id=\"caption-attachment-998\" class=\"wp-caption-text\">Ben Abraham com sua esposa Miriam Nekrycz no Museu Yad Vashem em Jerusal\u00e9m, Israel. (Sem data \/ Acervo da fam\u00edlia Nekrycz).<\/figcaption><\/figure>\n<p style=\"text-align: justify;\">Ben Abraham era o pseud\u00f4nimo do escritor e jornalista Henry Nekrycz, um sobrevivente do Holocausto nascido em Lodz, Pol\u00f4nia, em 1924. Membro de uma fam\u00edlia judaica aristocr\u00e1tica, foi prisioneiro do nazismo por cinco anos e meio, primeiramente no gueto de Lodz, onde foi confinado aos 14 anos, depois passando por Auschwitz, e por outros campos de concentra\u00e7\u00e3o e trabalho.<\/p>\n<p style=\"text-align: justify;\">Durante a Segunda Guerra Mundial, perdeu quase todos os seus parentes, que pereceram de fome ou nas c\u00e2maras de g\u00e1s. Quando a guerra acabou, sua sa\u00fade estava muito debilitada e ele passou dois anos se recuperando em hospitais aliados na Alemanha.<\/p>\n<p style=\"text-align: justify;\">Depois disso, conseguiu chegar \u00e0 <em>Eretz <\/em>Israel em uma embarca\u00e7\u00e3o clandestina, o navio <em>Haportzim <\/em>&#8211; um dos poucos que conseguiram ultrapassar o bloqueio brit\u00e2nico em vigor na \u00e9poca. Durante a Guerra de Independ\u00eancia de Israel, testemunhou os ataques eg\u00edpcios \u00e0 cidade de Tel Aviv, e participou da guerra como motorista de caminh\u00e3o.<\/p>\n<p style=\"text-align: justify;\">Mais tarde, fixou resid\u00eancia no Brasil, onde ele e a esposa Miriam Nekrycz, tamb\u00e9m sobrevivente, atuaram largamente para preservar a mem\u00f3ria do Holocausto e educar as gera\u00e7\u00f5es mais jovens contra a intoler\u00e2ncia. Foi jornalista durante cerca de 20 anos, principalmente no jornal <em>Folha da Tarde<\/em>, escrevendo sobre Oriente M\u00e9dio, Pol\u00edtica Internacional e assuntos relacionados ao Holocausto. Seu trabalho como jornalista obteve reconhecimento no Brasil e no exterior, bem como sua luta contra o antissemitismo e o revisionismo. Seu posicionamento no caso Mengele tamb\u00e9m mereceu a aten\u00e7\u00e3o de jornais, importantes personalidades na comunidade Judaica internacional e autoridades governamentais.<\/p>\n<p style=\"text-align: justify;\"><a href=\"http:\/\/benabraham.org\/pt-br\/no-gueto-de-lodz\/\">Leia a hist\u00f3ria de Ben Abraham.<\/a><\/p>\n<p style=\"text-align: justify;\"><a href=\"http:\/\/benabraham.org\/pt-br\/miriam-nekrycz\/\">Leia a hist\u00f3ria de Miriam Neckrycz. <\/a><\/p>\n<\/p><\/div>\n<\/p><\/div>\n<\/p><\/div>\n<\/section>\n<section id=\"builder-section-1435381538654\" class=\"builder-section builder-section-prev-text builder-section-text builder-section-last builder-text-columns-3\" style=\"\">\n<div class=\"builder-section-content\">\n<div class=\"builder-text-column builder-text-column-1\" id=\"builder-section-1435381538654-column-1\">\n<h3 class=\"builder-text-title\">\n\t\t\t\tLivros\t\t\t<\/h3>\n<div class=\"builder-text-content\">\n<p>&nbsp;<br \/>\n<a href=\"http:\/\/benabraham.org\/pt-br\/?p=315\"><img loading=\"lazy\" decoding=\"async\" class=\"aligncenter wp-image-71 size-thumbnail\" src=\"http:\/\/benabraham.org\/en\/directory\/uploads\/2015\/04\/Livro_e-o-mundo-silenciou-150x150.jpg\" alt=\"Livro_e o mundo silenciou\" width=\"150\" height=\"150\" \/><\/a><\/p>\n<p style=\"text-align: justify;\">Em 1972, cumprindo a promessa que fizera enquanto ainda prisioneiro, Ben Abraham decidiu escrever um livro sobre sua experi\u00eancias durante o Holocausto.<\/p>\n<\/p><\/div>\n<\/p><\/div>\n<div class=\"builder-text-column builder-text-column-2\" id=\"builder-section-1435381538654-column-2\">\n<h3 class=\"builder-text-title\">\n\t\t\t\tArtigos Jornal\u00edsticos\t\t\t<\/h3>\n<div class=\"builder-text-content\">\n<p>\u00a0<br \/> <a href=\"http:\/\/benabraham.org\/pt-br\/artigos-jornalisticos\/\"><img loading=\"lazy\" decoding=\"async\" class=\"aligncenter wp-image-332 size-thumbnail\" src=\"http:\/\/benabraham.org\/en\/directory\/uploads\/2015\/04\/Sobreviventes_Ben-escriv\u00e3o-150x150.jpg\" alt=\"Sobreviventes_Ben escriv\u00e3o\" width=\"150\" height=\"150\" \/><\/a><\/p>\n<p style=\"text-align: justify;\">Ben Abraham foi jornalista por cerca de 20 anos, com mais de 3 mil artigos publicados em v\u00e1rios ve\u00edculos brasileiros. Sua obra abrangeu v\u00e1rios assuntos, desde temas relacionados ao Holocausto at\u00e9 pol\u00edtica internacional, al\u00e9m de problemas nacionais.<\/p>\n<\/p><\/div>\n<\/p><\/div>\n<div class=\"builder-text-column builder-text-column-3\" id=\"builder-section-1435381538654-column-3\">\n<h3 class=\"builder-text-title\">\n\t\t\t\tO Caso Mengele\t\t\t<\/h3>\n<div class=\"builder-text-content\">\n<p>\u00a0<br \/> <a href=\"http:\/\/benabraham.org\/pt-br\/o-caso-mengele\/\"><img loading=\"lazy\" decoding=\"async\" class=\"aligncenter wp-image-334 size-thumbnail\" src=\"http:\/\/benabraham.org\/en\/directory\/uploads\/2015\/03\/Mengele-The-Truth-Exposed-150x150.jpg\" alt=\"Mengele - The Truth Exposed\" width=\"150\" height=\"150\" \/><\/a><\/p>\n<p style=\"text-align: justify;\">Em &#8220;Mengele &#8211; A Verdade Veio \u00c0 Tona&#8221;, Ben Abraham contestou a vers\u00e3o oficial sobre a morte de Josef Mengele. Para ele, o corpo encontrado em 1985 definitivamente n\u00e3o era o do carrasco nazista.<\/p>\n<\/p><\/div>\n<\/p><\/div>\n<\/p><\/div>\n<\/section>\n","protected":false},"excerpt":{"rendered":"<p>&#8220;Certa noite, acordaram com gritos e batidas na porta&#8221;. &#8220;Os judeus seriam levados para o bairro mais sujo de Lodz&#8221;. &#8220;Mengele nada dizia: apenas apontava o dedo para a direita ou para a esquerda&#8221;. &#8220;O que unia aquelas crian\u00e7as era seu tr\u00e1gico passado&#8221;. &#8220;Mas nada foi t\u00e3o doloroso quanto ver os tr\u00eas maapilim mortos sendo &hellip;<\/p>\n","protected":false},"author":3,"featured_media":0,"parent":0,"menu_order":0,"comment_status":"closed","ping_status":"closed","template":"template-builder.php","meta":{"footnotes":""},"class_list":["post-12","page","type-page","status-publish","hentry"],"_links":{"self":[{"href":"https:\/\/benabraham.org\/pt-br\/wp-json\/wp\/v2\/pages\/12","targetHints":{"allow":["GET"]}}],"collection":[{"href":"https:\/\/benabraham.org\/pt-br\/wp-json\/wp\/v2\/pages"}],"about":[{"href":"https:\/\/benabraham.org\/pt-br\/wp-json\/wp\/v2\/types\/page"}],"author":[{"embeddable":true,"href":"https:\/\/benabraham.org\/pt-br\/wp-json\/wp\/v2\/users\/3"}],"replies":[{"embeddable":true,"href":"https:\/\/benabraham.org\/pt-br\/wp-json\/wp\/v2\/comments?post=12"}],"version-history":[{"count":2,"href":"https:\/\/benabraham.org\/pt-br\/wp-json\/wp\/v2\/pages\/12\/revisions"}],"predecessor-version":[{"id":1552,"href":"https:\/\/benabraham.org\/pt-br\/wp-json\/wp\/v2\/pages\/12\/revisions\/1552"}],"wp:attachment":[{"href":"https:\/\/benabraham.org\/pt-br\/wp-json\/wp\/v2\/media?parent=12"}],"curies":[{"name":"wp","href":"https:\/\/api.w.org\/{rel}","templated":true}]}}