{"id":19,"date":"2015-03-29T00:30:57","date_gmt":"2015-03-29T00:30:57","guid":{"rendered":"http:\/\/benabraham.org\/en\/?page_id=19"},"modified":"2015-08-29T22:03:41","modified_gmt":"2015-08-29T22:03:41","slug":"duas-semanas-em-auschwitz","status":"publish","type":"page","link":"https:\/\/benabraham.org\/pt-br\/duas-semanas-em-auschwitz\/","title":{"rendered":"Duas Semanas em Auschwitz"},"content":{"rendered":"<figure id=\"attachment_77\" aria-describedby=\"caption-attachment-77\" style=\"width: 400px\" class=\"wp-caption alignright\"><a href=\"http:\/\/benabraham.org\/pt-br\/?p=303\"><img loading=\"lazy\" decoding=\"async\" class=\"wp-image-77\" src=\"http:\/\/benabraham.org\/pt-br\/directory\/uploads\/2015\/04\/arrival-at-auschwitz-ii-300x203.png\" alt=\"\" width=\"400\" height=\"271\" srcset=\"https:\/\/benabraham.org\/en\/directory\/uploads\/2015\/04\/arrival-at-auschwitz-ii-300x203.png 300w, https:\/\/benabraham.org\/en\/directory\/uploads\/2015\/04\/arrival-at-auschwitz-ii.png 895w\" sizes=\"auto, (max-width: 400px) 100vw, 400px\" \/><\/a><figcaption id=\"caption-attachment-77\" class=\"wp-caption-text\">Chegada a Auschwitz II. (Pintura a \u00f3leo).<\/figcaption><\/figure>\n<p>Ben Abraham foi separado de sua m\u00e3e assim que eles chegaram a Auschwitz. Depois de ambos chorarem convulsivamente, ordenaram que ela ficasse na fila das mulheres, depois do que partiu lentamente. Ele nunca mais a viu.<\/p>\n<p>Os soldados separaram os homens em grupos e os fizeram andar diante um oficial alem\u00e3o que nada dizia: ele apenas apontava o dedo para a direita ou para a esquerda, indicando para que lado cada um deveria ir.<\/p>\n<p>Mais da metade das pessoas que tinha desembarcado do trem foi selecionada por aquele oficial \u2013 Josef Mengele \u2013 para ir para algum lugar que ele desconhecia.<\/p>\n<figure id=\"attachment_687\" aria-describedby=\"caption-attachment-687\" style=\"width: 400px\" class=\"wp-caption alignleft\"><a href=\"http:\/\/benabraham.org\/pt-br\/?p=689\"><img loading=\"lazy\" decoding=\"async\" class=\"wp-image-687\" src=\"http:\/\/benabraham.org\/pt-br\/directory\/uploads\/2015\/05\/uniforme-de-auschwitz-300x225.jpg\" alt=\"uniforme de auschwitz\" width=\"400\" height=\"301\" srcset=\"https:\/\/benabraham.org\/en\/directory\/uploads\/2015\/05\/uniforme-de-auschwitz-300x225.jpg 300w, https:\/\/benabraham.org\/en\/directory\/uploads\/2015\/05\/uniforme-de-auschwitz.jpg 800w\" sizes=\"auto, (max-width: 400px) 100vw, 400px\" \/><\/a><figcaption id=\"caption-attachment-687\" class=\"wp-caption-text\">Uniforme de Auschwitz. (Giz de cera).<\/figcaption><\/figure>\n<p>Ent\u00e3o, pela primeira vez, Ben Abraham\u00a0viu as chamin\u00e9s. Perguntou a um dos homens que usava o uniforme listrado para onde estavam indo todas aquelas pessoas; ele respondeu que estavam indo para o cremat\u00f3rio, mas ele n\u00e3o sabia o que era aquilo. Ent\u00e3o, o homem\u00a0disse: \u201ca gente entra por aqui\u201d, mostrando o port\u00e3o com o indicador, \u201ce sai por ali\u201d, apontando a chamin\u00e9, com o dedo para cima.<\/p>\n<p>Ben Abraham\u00a0perguntou tamb\u00e9m sobre as crian\u00e7as. O listrado disse que somente os g\u00eameos eram poupados, pois o passatempo favorito de Mengele era fazer experi\u00eancias com g\u00eameos.<\/p>\n<p>Logo depois, um grupo de listrados aproximou-se, carregando uns baldes. Eles gritavam que todos deveriam entregar qualquer ouro, diamantes ou dinheiro que ainda tivessem. Aqueles que n\u00e3o seguissem a ordem e fossem pegos seriam executados na hora. Ben Abraham,\u00a0ent\u00e3o, lembrou que tinha o anel de diamante de sua m\u00e3e costurado na barra da cal\u00e7a. Rapidamente o tirou e o jogou em um dos baldes.<\/p>\n<p>Depois de serem espancados, raspados e receberem seu uniforme, o qual inclu\u00eda \u201csapatos\u201d de madeira, ele e os outros homens foram levados a Birkenau, onde Ben Abraham\u00a0viu a inscri\u00e7\u00e3o \u201cArbeit macht frei\u201d (\u201cO trabalho traz a liberdade\u201d). O grupo era composto de cerca de 500 homens; eles foram colocados em um barrac\u00e3o vazio, em cuja porta havia um cartaz onde se lia \u201cQuarenta cavalos\u201d.<\/p>\n<figure id=\"attachment_79\" aria-describedby=\"caption-attachment-79\" style=\"width: 400px\" class=\"wp-caption alignright\"><a href=\"http:\/\/benabraham.org\/pt-br\/?p=307\"><img loading=\"lazy\" decoding=\"async\" class=\"wp-image-79\" src=\"http:\/\/benabraham.org\/pt-br\/directory\/uploads\/2015\/04\/Auchwitz_cerca-300x226.jpg\" alt=\"Auchwitz_cerca\" width=\"400\" height=\"301\" srcset=\"https:\/\/benabraham.org\/en\/directory\/uploads\/2015\/04\/Auchwitz_cerca-300x226.jpg 300w, https:\/\/benabraham.org\/en\/directory\/uploads\/2015\/04\/Auchwitz_cerca.jpg 546w\" sizes=\"auto, (max-width: 400px) 100vw, 400px\" \/><\/a><figcaption id=\"caption-attachment-79\" class=\"wp-caption-text\">Barrac\u00f5es e cerca el\u00e9trica em Auschwitz. (Pintura a \u00f3leo).<\/figcaption><\/figure>\n<p>Experimentando uma rotina cruel como prisioneiro do campo, ele percebeu que a maioria dos judeus deportados do gueto de Lodz tinha sido trazida a Auschwitz e passado pela sele\u00e7\u00e3o feita por Mengele e seus auxiliares. Ele apenas esperava que seu dia de ir chegaria. Parecia que os alem\u00e3es estavam mais preocupados em matar todos os judeus do que em fugir dos russos.<\/p>\n<p>A certa altura, ele encontrou seu tio em Auschwitz. Sua esposa e a filhinha tinham ido juntas para a c\u00e2mara de g\u00e1s.<\/p>\n<p>Um dia, um dos prisioneiros contou a Ben Abraham\u00a0sobre a c\u00e2mara de g\u00e1s e sobre como aqueles selecionados para a morte eram mortos com gases venenosos, depois de dizerem a eles que somente tomariam um banho. Aqueles que limpavam as c\u00e2maras tamb\u00e9m seriam mortos, ap\u00f3s realizarem o servi\u00e7o de limpeza.<\/p>\n<p>Algum tempo depois, disseram a eles que os diretores de f\u00e1bricas alem\u00e3es viriam visitar o campo em busca de trabalhadores. Ben Abraham\u00a0conseguiu falar com um deles e convenc\u00ea-lo de que era mec\u00e2nico de verdade. Assim,\u00a0foi transferido para outro bloco, de onde seria levado a Braunschweig de trem, com um grupo de 250 prisioneiros.<\/p>\n<p>Ben Abraham havia estado em Auschwitz por duas semanas.<\/p>\n<p>&nbsp;<\/p>\n<p>Continue lendo: <a href=\"http:\/\/benabraham.org\/pt-br\/?p=1231\">Campos de Trabalho e Liberta\u00e7\u00e3o<\/a>.<\/p>\n","protected":false},"excerpt":{"rendered":"<p>Ben Abraham foi separado de sua m\u00e3e assim que eles chegaram a Auschwitz. Depois de ambos chorarem convulsivamente, ordenaram que ela ficasse na fila das mulheres, depois do que partiu lentamente. Ele nunca mais a viu. Os soldados separaram os homens em grupos e os fizeram andar diante um oficial alem\u00e3o que nada dizia: ele &hellip;<\/p>\n","protected":false},"author":3,"featured_media":0,"parent":0,"menu_order":0,"comment_status":"closed","ping_status":"closed","template":"","meta":{"footnotes":""},"class_list":["post-19","page","type-page","status-publish","hentry"],"_links":{"self":[{"href":"https:\/\/benabraham.org\/pt-br\/wp-json\/wp\/v2\/pages\/19","targetHints":{"allow":["GET"]}}],"collection":[{"href":"https:\/\/benabraham.org\/pt-br\/wp-json\/wp\/v2\/pages"}],"about":[{"href":"https:\/\/benabraham.org\/pt-br\/wp-json\/wp\/v2\/types\/page"}],"author":[{"embeddable":true,"href":"https:\/\/benabraham.org\/pt-br\/wp-json\/wp\/v2\/users\/3"}],"replies":[{"embeddable":true,"href":"https:\/\/benabraham.org\/pt-br\/wp-json\/wp\/v2\/comments?post=19"}],"version-history":[{"count":2,"href":"https:\/\/benabraham.org\/pt-br\/wp-json\/wp\/v2\/pages\/19\/revisions"}],"predecessor-version":[{"id":1266,"href":"https:\/\/benabraham.org\/pt-br\/wp-json\/wp\/v2\/pages\/19\/revisions\/1266"}],"wp:attachment":[{"href":"https:\/\/benabraham.org\/pt-br\/wp-json\/wp\/v2\/media?parent=19"}],"curies":[{"name":"wp","href":"https:\/\/api.w.org\/{rel}","templated":true}]}}