{"id":31,"date":"2015-03-29T00:39:34","date_gmt":"2015-03-29T00:39:34","guid":{"rendered":"http:\/\/benabraham.org\/en\/?page_id=31"},"modified":"2016-07-24T17:25:14","modified_gmt":"2016-07-24T17:25:14","slug":"sobre","status":"publish","type":"page","link":"https:\/\/benabraham.org\/pt-br\/sobre\/","title":{"rendered":"Sobre"},"content":{"rendered":"<section id=\"builder-section-1448132814578\" class=\"builder-section builder-section-first builder-section-text builder-section-last builder-text-columns-1\" style=\"\">\n<div class=\"builder-section-content\">\n<div class=\"builder-text-column builder-text-column-1\" id=\"builder-section-1448132814578-column-1\">\n<div class=\"builder-text-content\">\n<p>Este \u00e9 um projeto internacional de pesquisa que tem por objetivo documentar a vida e a obra dos sobreviventes do Holocausto Ben Abraham e Miriam Nekrycz. Este projeto \u00e9 resultado de um trabalho conjunto do <a href=\"http:\/\/www.theholocaustmuseum.info\">Word of Faith Christian School Holocaust Museum<\/a> (Spindale, Estados Unidos), do Memorial do Holocausto do Col\u00e9gio Crist\u00e3o Rhema (Franco da Rocha, Brasil), e do Memorial do Holocausto da Escola Crist\u00e3 Verbo Vivo (S\u00e3o Joaquim de Bicas, Brasil).<\/p>\n<p>Nosso querido Ben Abraham faleceu em 09 de outubro de 2015. Fomos testemunhas de sua luta incans\u00e1vel pela preserva\u00e7\u00e3o da mem\u00f3ria do Holocausto, miss\u00e3o que assumiu quando ainda prisioneiro nos campos de concentra\u00e7\u00e3o, a qual cumpriu, at\u00e9 o fim de sua vida. Continuaremos levando adiante seu trabalho.<\/p>\n<p>Temos imensa gratid\u00e3o pelos momentos em que tivemos a honra de ouvi-lo e aprender com ele e com Dona Miriam. Certamente guardaremos uma doce lembran\u00e7a desse homem valente e incans\u00e1vel, que perseguiu um nobre ideal, sem vacilar. Que o seu exemplo perdure por muito tempo.<\/p>\n<\/p><\/div>\n<\/p><\/div>\n<\/p><\/div>\n<\/section>\n","protected":false},"excerpt":{"rendered":"<p>Este \u00e9 um projeto internacional de pesquisa que tem por objetivo documentar a vida e a obra dos sobreviventes do Holocausto Ben Abraham e Miriam Nekrycz. Este projeto \u00e9 resultado de um trabalho conjunto do Word of Faith Christian School Holocaust Museum (Spindale, Estados Unidos), do Memorial do Holocausto do Col\u00e9gio Crist\u00e3o Rhema (Franco da &hellip;<\/p>\n","protected":false},"author":3,"featured_media":0,"parent":0,"menu_order":5,"comment_status":"closed","ping_status":"closed","template":"template-builder.php","meta":{"footnotes":""},"class_list":["post-31","page","type-page","status-publish","hentry"],"_links":{"self":[{"href":"https:\/\/benabraham.org\/pt-br\/wp-json\/wp\/v2\/pages\/31","targetHints":{"allow":["GET"]}}],"collection":[{"href":"https:\/\/benabraham.org\/pt-br\/wp-json\/wp\/v2\/pages"}],"about":[{"href":"https:\/\/benabraham.org\/pt-br\/wp-json\/wp\/v2\/types\/page"}],"author":[{"embeddable":true,"href":"https:\/\/benabraham.org\/pt-br\/wp-json\/wp\/v2\/users\/3"}],"replies":[{"embeddable":true,"href":"https:\/\/benabraham.org\/pt-br\/wp-json\/wp\/v2\/comments?post=31"}],"version-history":[{"count":2,"href":"https:\/\/benabraham.org\/pt-br\/wp-json\/wp\/v2\/pages\/31\/revisions"}],"predecessor-version":[{"id":1477,"href":"https:\/\/benabraham.org\/pt-br\/wp-json\/wp\/v2\/pages\/31\/revisions\/1477"}],"wp:attachment":[{"href":"https:\/\/benabraham.org\/pt-br\/wp-json\/wp\/v2\/media?parent=31"}],"curies":[{"name":"wp","href":"https:\/\/api.w.org\/{rel}","templated":true}]}}