{"id":33,"date":"2015-03-29T00:40:54","date_gmt":"2015-03-29T00:40:54","guid":{"rendered":"http:\/\/benabraham.org\/en\/?page_id=33"},"modified":"2016-07-24T17:24:27","modified_gmt":"2016-07-24T17:24:27","slug":"fontes","status":"publish","type":"page","link":"https:\/\/benabraham.org\/pt-br\/fontes\/","title":{"rendered":"Fontes"},"content":{"rendered":"<section id=\"builder-section-1448132958966\" class=\"builder-section builder-section-first builder-section-text builder-section-last builder-text-columns-1\" style=\"\">\n<div class=\"builder-section-content\">\n<div class=\"builder-text-column builder-text-column-1\" id=\"builder-section-1448132958966-column-1\">\n<div class=\"builder-text-content\">\n<p>As principais fontes do conte\u00fado escrito deste site s\u00e3o os livros escritos por Ben Abraham e sua esposa Miriam Nekrycz, bem como entrevistas gravadas com o casal.<\/p>\n<p>As obras de arte apresentadas neste site foram produzidas por alunos e ex-alunos da Word of Faith Christian School (Spindale, Estados Unidos), do Col\u00e9gio Crist\u00e3o Rhema (Franco da Rocha, Brasil) e da Escola Crist\u00e3o Verbo Vivo (S\u00e3o Joaquim de Bicas, Brasil).<\/p>\n<p>As pinturas reproduzem imagens originais, obtidas de fontes hist\u00f3ricas confi\u00e1veis, tais como:<\/p>\n<p><a href=\"http:\/\/www.yadvashem.org\/\">Museu Yad Vashem<\/a> em Jerusal\u00e9m, Israel<\/p>\n<p><a href=\"http:\/\/www.ushmm.org\/\">The United States Holocaust Memorial Museum<\/a>, em Washington, Estados Unidos<\/p>\n<p><a href=\"http:\/\/auschwitz.org\/en\/\">The Auschwitz-Birkenau Memorial Museum<\/a>, O\u015bwi\u0119cim, Pol\u00f4nia<\/p>\n<p>Outras pinturas reproduzem imagens pertencentes ao arquivo pessoal de Ben Abraham e Miriam Nekrycz.<\/p>\n<p>As obras mostradas neste site foram escolhidas para prestar testemunho \u00e0 Hist\u00f3ria e \u00e0 evid\u00eancia do Holocausto do povo judeus, al\u00e9m de ilustrar a hist\u00f3ria de Ben Abraham e Miriam Nekrycz.<\/p>\n<p>Os livros utilizados como fontes principais do conte\u00fado escrito foram:<\/p>\n<table>\n<tbody>\n<tr>\n<td width=\"109\"><strong>Ano de Publica\u00e7\u00e3o<br \/> <\/strong><\/td>\n<td width=\"168\"><strong>T\u00edtulo<br \/> <\/strong><\/td>\n<td width=\"249\"><strong>Autor<\/strong><\/td>\n<\/tr>\n<tr>\n<td width=\"109\">1972<\/td>\n<td width=\"168\">&#8230; e o mundo silenciou.<\/td>\n<td width=\"249\">Ben Abraham<\/td>\n<\/tr>\n<tr>\n<td width=\"109\">1990<\/td>\n<td width=\"168\">Di\u00e1rio de um Rep\u00f3rter<\/td>\n<td width=\"249\">Ben Abraham<\/td>\n<\/tr>\n<tr>\n<td width=\"109\">1992<\/td>\n<td width=\"168\">De Vars\u00f3via a Entebbe<\/td>\n<td width=\"249\">Ben Abraham<\/td>\n<\/tr>\n<tr>\n<td width=\"109\">1993<\/td>\n<td width=\"168\">Mengele \u2013 A Verdade Veio \u00e0 Tona<\/td>\n<td width=\"249\">Ben Abraham<\/td>\n<\/tr>\n<tr>\n<td width=\"109\">1995<\/td>\n<td width=\"168\">Relato de uma Vida<\/td>\n<td width=\"249\">Miriam Nekrycz<\/td>\n<\/tr>\n<tr>\n<td width=\"109\">1996<\/td>\n<td width=\"168\">Mem\u00f3rias \u2013 Retrospectivas dos Fatos<\/td>\n<td width=\"249\">Ben Abraham<\/td>\n<\/tr>\n<\/tbody>\n<\/table>\n<p>Os direitos autorais de todas as imagens art\u00edsticas neste site pertencem ao Word of Faith Christian School Holocaust Museum, ao Memorial do Holocausto do Col\u00e9gio Crist\u00e3o Rhema e ao Memorial do Holocausto da Escola Crist\u00e3 Verbo Vivo.<\/p>\n<p>Os direitos autorais de todas as imagens fotogr\u00e1ficas neste site pertencem ao casal Ben Abraham e Miriam Nekrycz.<\/p>\n<\/p><\/div>\n<\/p><\/div>\n<\/p><\/div>\n<\/section>\n","protected":false},"excerpt":{"rendered":"<p>As principais fontes do conte\u00fado escrito deste site s\u00e3o os livros escritos por Ben Abraham e sua esposa Miriam Nekrycz, bem como entrevistas gravadas com o casal. As obras de arte apresentadas neste site foram produzidas por alunos e ex-alunos da Word of Faith Christian School (Spindale, Estados Unidos), do Col\u00e9gio Crist\u00e3o Rhema (Franco da &hellip;<\/p>\n","protected":false},"author":3,"featured_media":0,"parent":0,"menu_order":6,"comment_status":"closed","ping_status":"closed","template":"template-builder.php","meta":{"footnotes":""},"class_list":["post-33","page","type-page","status-publish","hentry"],"_links":{"self":[{"href":"https:\/\/benabraham.org\/pt-br\/wp-json\/wp\/v2\/pages\/33","targetHints":{"allow":["GET"]}}],"collection":[{"href":"https:\/\/benabraham.org\/pt-br\/wp-json\/wp\/v2\/pages"}],"about":[{"href":"https:\/\/benabraham.org\/pt-br\/wp-json\/wp\/v2\/types\/page"}],"author":[{"embeddable":true,"href":"https:\/\/benabraham.org\/pt-br\/wp-json\/wp\/v2\/users\/3"}],"replies":[{"embeddable":true,"href":"https:\/\/benabraham.org\/pt-br\/wp-json\/wp\/v2\/comments?post=33"}],"version-history":[{"count":1,"href":"https:\/\/benabraham.org\/pt-br\/wp-json\/wp\/v2\/pages\/33\/revisions"}],"predecessor-version":[{"id":1476,"href":"https:\/\/benabraham.org\/pt-br\/wp-json\/wp\/v2\/pages\/33\/revisions\/1476"}],"wp:attachment":[{"href":"https:\/\/benabraham.org\/pt-br\/wp-json\/wp\/v2\/media?parent=33"}],"curies":[{"name":"wp","href":"https:\/\/api.w.org\/{rel}","templated":true}]}}